{"id":10655,"date":"2024-09-19T02:11:48","date_gmt":"2024-09-18T22:11:48","guid":{"rendered":"https:\/\/dubaimusts.me\/?page_id=10655"},"modified":"2025-10-03T12:59:52","modified_gmt":"2025-10-03T08:59:52","slug":"japan-registration-form","status":"publish","type":"page","link":"https:\/\/dubaimusts.me\/fr\/japan-registration-form\/","title":{"rendered":"Japan Registration form"},"content":{"rendered":"<div data-elementor-type=\"wp-page\" data-elementor-id=\"10655\" class=\"elementor elementor-10655\" data-elementor-post-type=\"page\">\n\t\t\t\t\t\t<section class=\"elementor-section elementor-top-section elementor-element elementor-element-294552c elementor-section-boxed elementor-section-height-default elementor-section-height-default wpr-particle-no wpr-jarallax-no wpr-parallax-no wpr-sticky-section-no wpr-equal-height-no\" data-id=\"294552c\" data-element_type=\"section\" data-e-type=\"section\" data-settings=\"{&quot;background_background&quot;:&quot;classic&quot;}\">\n\t\t\t\t\t\t<div class=\"elementor-container elementor-column-gap-default\">\n\t\t\t\t\t<div class=\"elementor-column elementor-col-100 elementor-top-column elementor-element elementor-element-48d8315\" data-id=\"48d8315\" data-element_type=\"column\" data-e-type=\"column\">\n\t\t\t<div class=\"elementor-widget-wrap elementor-element-populated\">\n\t\t\t\t\t\t<div class=\"elementor-element elementor-element-c117d34 elementor-widget elementor-widget-spacer\" data-id=\"c117d34\" data-element_type=\"widget\" data-e-type=\"widget\" data-widget_type=\"spacer.default\">\n\t\t\t\t<div class=\"elementor-widget-container\">\n\t\t\t\t\t\t\t<div class=\"elementor-spacer\">\n\t\t\t<div class=\"elementor-spacer-inner\"><\/div>\n\t\t<\/div>\n\t\t\t\t\t\t<\/div>\n\t\t\t\t<\/div>\n\t\t\t\t\t<\/div>\n\t\t<\/div>\n\t\t\t\t\t<\/div>\n\t\t<\/section>\n\t\t\t\t<section class=\"elementor-section elementor-top-section elementor-element elementor-element-2de7c42 elementor-section-boxed elementor-section-height-default elementor-section-height-default wpr-particle-no wpr-jarallax-no wpr-parallax-no wpr-sticky-section-no wpr-equal-height-no\" data-id=\"2de7c42\" data-element_type=\"section\" data-e-type=\"section\">\n\t\t\t\t\t\t<div class=\"elementor-container elementor-column-gap-default\">\n\t\t\t\t\t<div class=\"elementor-column elementor-col-100 elementor-top-column elementor-element elementor-element-88e57df\" data-id=\"88e57df\" data-element_type=\"column\" data-e-type=\"column\">\n\t\t\t<div class=\"elementor-widget-wrap elementor-element-populated\">\n\t\t\t\t\t\t<div class=\"elementor-element elementor-element-c43738c elementor-widget elementor-widget-heading\" data-id=\"c43738c\" data-element_type=\"widget\" data-e-type=\"widget\" data-widget_type=\"heading.default\">\n\t\t\t\t<div class=\"elementor-widget-container\">\n\t\t\t\t\t<h1 class=\"elementor-heading-title elementor-size-default\">Voyage entre femmes au Japon<br>\nFormulaire d'inscription<\/h1>\t\t\t\t<\/div>\n\t\t\t\t<\/div>\n\t\t\t\t<div class=\"elementor-element elementor-element-81e52d9 elementor-widget elementor-widget-text-editor\" data-id=\"81e52d9\" data-element_type=\"widget\" data-e-type=\"widget\" data-widget_type=\"text-editor.default\">\n\t\t\t\t<div class=\"elementor-widget-container\">\n\t\t\t\t\t\t\t\t\t<p class=\"translation-block\"><strong>Merci pour ton int\u00e9r\u00eat pour notre circuit au Japon\u202f!<\/strong> Pour r\u00e9server ta place, merci de remplir le formulaire et d'y joindre une copie de ton passeport. Ces informations sont n\u00e9cessaires pour r\u00e9server ton h\u00e9bergement, et nous garantissons la confidentialit\u00e9 de tes donn\u00e9es.<\/p><p>Pour confirmer ta r\u00e9servation, un <strong>acompte de AED 2600 <\/strong>(600 \u20ac) par personne et par voyage est requis au moment de la r\u00e9servation.<\/p><p class=\"translation-block\">L\u2019acompte fait partie du paiement final, qui doit \u00eatre re\u00e7u par Nomadies LLC <strong>au plus tard un mois avant le d\u00e9but du circuit<\/strong>, sauf accord ou indication contraire.<\/p><p>Choisis de payer par virement bancaire ou en esp\u00e8ces (Duba\u00ef ou Paris). Les d\u00e9tails te seront communiqu\u00e9s une fois que nous aurons re\u00e7u ton formulaire compl\u00e9t\u00e9. Apr\u00e8s avoir finalis\u00e9 ton inscription, nous t'ajouterons au groupe Whatsapp avec les autres filles.<\/p>\t\t\t\t\t\t\t\t<\/div>\n\t\t\t\t<\/div>\n\t\t\t\t\t<\/div>\n\t\t<\/div>\n\t\t\t\t\t<\/div>\n\t\t<\/section>\n\t\t\t\t<section class=\"elementor-section elementor-top-section elementor-element elementor-element-4a9306d elementor-section-boxed elementor-section-height-default elementor-section-height-default wpr-particle-no wpr-jarallax-no wpr-parallax-no wpr-sticky-section-no wpr-equal-height-no\" data-id=\"4a9306d\" data-element_type=\"section\" data-e-type=\"section\">\n\t\t\t\t\t\t<div class=\"elementor-container elementor-column-gap-default\">\n\t\t\t\t\t<div class=\"elementor-column elementor-col-100 elementor-top-column elementor-element elementor-element-fbff770\" data-id=\"fbff770\" data-element_type=\"column\" data-e-type=\"column\">\n\t\t\t<div class=\"elementor-widget-wrap elementor-element-populated\">\n\t\t\t\t\t\t<div class=\"elementor-element elementor-element-acefe83 elementor-widget__width-initial elementor-widget elementor-widget-shortcode\" data-id=\"acefe83\" data-element_type=\"widget\" data-e-type=\"widget\" data-widget_type=\"shortcode.default\">\n\t\t\t\t<div class=\"elementor-widget-container\">\n\t\t\t\t\t\t\t<div class=\"elementor-shortcode\">\n<div class=\"wpcf7 no-js\" id=\"wpcf7-f10660-o1\" lang=\"en-US\" dir=\"ltr\" data-wpcf7-id=\"10660\">\n<div class=\"screen-reader-response\"><p role=\"status\" aria-live=\"polite\" aria-atomic=\"true\"><\/p> <ul><\/ul><\/div>\n<form action=\"\/fr\/wp-json\/wp\/v2\/pages\/10655#wpcf7-f10660-o1\" method=\"post\" class=\"wpcf7-form init\" aria-label=\"Contact form\" enctype=\"multipart\/form-data\" novalidate=\"novalidate\" data-status=\"init\" data-trp-original-action=\"\/fr\/wp-json\/wp\/v2\/pages\/10655#wpcf7-f10660-o1\">\n<fieldset class=\"hidden-fields-container\"><input type=\"hidden\" name=\"_wpcf7\" value=\"10660\" \/><input type=\"hidden\" name=\"_wpcf7_version\" value=\"6.1.5\" \/><input type=\"hidden\" name=\"_wpcf7_locale\" value=\"en_US\" \/><input type=\"hidden\" name=\"_wpcf7_unit_tag\" value=\"wpcf7-f10660-o1\" \/><input type=\"hidden\" name=\"_wpcf7_container_post\" value=\"0\" \/><input type=\"hidden\" name=\"_wpcf7_posted_data_hash\" value=\"\" \/><input type=\"hidden\" name=\"_wpcf7_recaptcha_response\" value=\"\" \/>\n<\/fieldset>\n<div class=\"kazakh\">\n\t<div class=\"full\">\n\t\t<p><label>Nom de famille*<\/label>\n\t\t<\/p>\n\t\t<div class=\"right\">\n\t\t\t<p><span class=\"wpcf7-form-control-wrap\" data-name=\"text-105\"><input size=\"40\" maxlength=\"400\" class=\"wpcf7-form-control wpcf7-text wpcf7-validates-as-required\" aria-required=\"true\" aria-invalid=\"false\" value=\"\" type=\"text\" name=\"text-105\" \/><\/span>\n\t\t\t<\/p>\n\t\t<\/div>\n\t<\/div>\n\t<div class=\"full\">\n\t\t<p><label>Pr\u00e9nom*<\/label>\n\t\t<\/p>\n\t\t<div class=\"right\">\n\t\t\t<p><span class=\"wpcf7-form-control-wrap\" data-name=\"text-620\"><input size=\"40\" maxlength=\"400\" class=\"wpcf7-form-control wpcf7-text wpcf7-validates-as-required\" aria-required=\"true\" aria-invalid=\"false\" value=\"\" type=\"text\" name=\"text-620\" \/><\/span>\n\t\t\t<\/p>\n\t\t<\/div>\n\t<\/div>\n\t<div class=\"full\">\n\t\t<p><label>Date de naissance<\/label>\n\t\t<\/p>\n\t\t<div class=\"right\">\n\t\t\t<p><span class=\"wpcf7-form-control-wrap\" data-name=\"date-232\"><input class=\"wpcf7-form-control wpcf7-date wpcf7-validates-as-required wpcf7-validates-as-date\" aria-required=\"true\" aria-invalid=\"false\" value=\"\" type=\"date\" name=\"date-232\" \/><\/span>\n\t\t\t<\/p>\n\t\t<\/div>\n\t<\/div>\n\t<div class=\"full\">\n\t\t<p><label>Num\u00e9ro de portable<\/label>\n\t\t<\/p>\n\t\t<div class=\"right\">\n\t\t\t<p><span class=\"wpcf7-form-control-wrap\" data-name=\"number-721\"><input class=\"wpcf7-form-control wpcf7-number wpcf7-validates-as-required wpcf7-validates-as-number\" aria-required=\"true\" aria-invalid=\"false\" placeholder=\"Ainsi que ton WhatsApp si diff\u00e9rent\" value=\"\" type=\"number\" name=\"number-721\" \/><\/span>\n\t\t\t<\/p>\n\t\t<\/div>\n\t<\/div>\n\t<div class=\"full\">\n\t\t<p><label>Voyage depuis<\/label>\n\t\t<\/p>\n\t\t<div class=\"right\">\n\t\t\t<p><span class=\"wpcf7-form-control-wrap\" data-name=\"text-130\"><input size=\"40\" maxlength=\"400\" class=\"wpcf7-form-control wpcf7-text\" aria-invalid=\"false\" placeholder=\"Nom de l&#039;a\u00e9roport\" value=\"\" type=\"text\" name=\"text-130\" \/><\/span>\n\t\t\t<\/p>\n\t\t<\/div>\n\t<\/div>\n\t<div class=\"full\">\n\t\t<p><label>E-mail*<\/label>\n\t\t<\/p>\n\t\t<div class=\"right\">\n\t\t\t<p><span class=\"wpcf7-form-control-wrap\" data-name=\"email-121\"><input size=\"40\" maxlength=\"400\" class=\"wpcf7-form-control wpcf7-email wpcf7-validates-as-required wpcf7-text wpcf7-validates-as-email\" aria-required=\"true\" aria-invalid=\"false\" value=\"\" type=\"email\" name=\"email-121\" \/><\/span>\n\t\t\t<\/p>\n\t\t<\/div>\n\t<\/div>\n\t<div class=\"full\">\n\t\t<p><label>Nationalit\u00e9<\/label>\n\t\t<\/p>\n\t\t<div class=\"right\">\n\t\t\t<p><span class=\"wpcf7-form-control-wrap\" data-name=\"text-321\"><input size=\"40\" maxlength=\"400\" class=\"wpcf7-form-control wpcf7-text\" aria-invalid=\"false\" value=\"\" type=\"text\" name=\"text-321\" \/><\/span>\n\t\t\t<\/p>\n\t\t<\/div>\n\t<\/div>\n\t<div class=\"full\">\n\t\t<p><label>Passeport valable 6 mois au-del\u00e0 de la date de retour pr\u00e9vue<\/label>\n\t\t<\/p>\n\t\t<div class=\"right\">\n\t\t\t<p><span class=\"wpcf7-form-control-wrap\" data-name=\"radio-851\"><span class=\"wpcf7-form-control wpcf7-radio\"><span class=\"wpcf7-list-item first\"><label><input type=\"radio\" name=\"radio-851\" value=\"Yes\" checked=\"checked\" \/><span class=\"wpcf7-list-item-label\">Oui<\/span><\/label><\/span><span class=\"wpcf7-list-item last\"><label><input type=\"radio\" name=\"radio-851\" value=\"No, but I will renew it on time\" \/><span class=\"wpcf7-list-item-label\">Non, je le renouvellerai \u00e0 temps<\/span><\/label><\/span><\/span><\/span>\n\t\t\t<\/p>\n\t\t<\/div>\n\t<\/div>\n\t<div class=\"full\">\n\t\t<p><label>Quel est ton job ?<\/label>\n\t\t<\/p>\n\t\t<div class=\"right\">\n\t\t\t<p><span class=\"wpcf7-form-control-wrap\" data-name=\"text-647\"><input size=\"40\" maxlength=\"400\" class=\"wpcf7-form-control wpcf7-text\" aria-invalid=\"false\" value=\"\" type=\"text\" name=\"text-647\" \/><\/span>\n\t\t\t<\/p>\n\t\t<\/div>\n\t<\/div>\n\t<div class=\"full\">\n\t\t<p><label>As tu d\u00e9j\u00e0 voyag\u00e9 seule ?<\/label>\n\t\t<\/p>\n\t\t<div class=\"right\">\n\t\t\t<p><span class=\"wpcf7-form-control-wrap\" data-name=\"radio-871\"><span class=\"wpcf7-form-control wpcf7-radio\"><span class=\"wpcf7-list-item first\"><label><input type=\"radio\" name=\"radio-871\" value=\"Yes\" checked=\"checked\" \/><span class=\"wpcf7-list-item-label\">Oui<\/span><\/label><\/span><span class=\"wpcf7-list-item last\"><label><input type=\"radio\" name=\"radio-871\" value=\"First Time\" \/><span class=\"wpcf7-list-item-label\">Premi\u00e8re fois<\/span><\/label><\/span><\/span><\/span>\n\t\t\t<\/p>\n\t\t<\/div>\n\t<\/div>\n\t<div class=\"full\">\n\t\t<p><label>Quelles sont tes passions ?<\/label>\n\t\t<\/p>\n\t\t<div class=\"right\">\n\t\t\t<p><span class=\"wpcf7-form-control-wrap\" data-name=\"text-203\"><input size=\"40\" maxlength=\"400\" class=\"wpcf7-form-control wpcf7-text\" aria-invalid=\"false\" value=\"\" type=\"text\" name=\"text-203\" \/><\/span>\n\t\t\t<\/p>\n\t\t<\/div>\n\t<\/div>\n\t<div class=\"full\">\n\t\t<p><label>Qu\u2019attends-tu de ce voyage ?<\/label>\n\t\t<\/p>\n\t\t<div class=\"right\">\n\t\t\t<p><span class=\"wpcf7-form-control-wrap\" data-name=\"text-742\"><input size=\"40\" maxlength=\"400\" class=\"wpcf7-form-control wpcf7-text\" aria-invalid=\"false\" value=\"\" type=\"text\" name=\"text-742\" \/><\/span>\n\t\t\t<\/p>\n\t\t<\/div>\n\t<\/div>\n\t<div class=\"full\">\n\t\t<p><label>As-tu des allergies\/intol\u00e9rances particuli\u00e8res ?<\/label>\n\t\t<\/p>\n\t\t<div class=\"right\">\n\t\t\t<p><span class=\"wpcf7-form-control-wrap\" data-name=\"text-472\"><input size=\"40\" maxlength=\"400\" class=\"wpcf7-form-control wpcf7-text\" aria-invalid=\"false\" value=\"\" type=\"text\" name=\"text-472\" \/><\/span>\n\t\t\t<\/p>\n\t\t<\/div>\n\t<\/div>\n\t<div class=\"full\">\n\t\t<p><label>As-tu des soucis de sant\u00e9 \u00e0 signaler ?<\/label>\n\t\t<\/p>\n\t\t<div class=\"right\">\n\t\t\t<p><span class=\"wpcf7-form-control-wrap\" data-name=\"text-288\"><input size=\"40\" maxlength=\"400\" class=\"wpcf7-form-control wpcf7-text\" aria-invalid=\"false\" value=\"\" type=\"text\" name=\"text-288\" \/><\/span>\n\t\t\t<\/p>\n\t\t<\/div>\n\t<\/div>\n\t<div class=\"full\">\n\t\t<p><label>Personne \u00e0 contacter en cas d\u2019urgence<\/label>\n\t\t<\/p>\n\t\t<div class=\"right\">\n\t\t\t<p><span class=\"wpcf7-form-control-wrap\" data-name=\"text-158\"><input size=\"40\" maxlength=\"400\" class=\"wpcf7-form-control wpcf7-text\" aria-invalid=\"false\" value=\"\" type=\"text\" name=\"text-158\" \/><\/span>\n\t\t\t<\/p>\n\t\t<\/div>\n\t<\/div>\n\t<div class=\"full\">\n\t\t<p><label>Autorises-tu \u00e0 \u00eatre photographi\u00e9e et post\u00e9e sur les r\u00e9seaux sociaux\/site DubaiMusts ?<\/label>\n\t\t<\/p>\n\t\t<div class=\"right\">\n\t\t\t<p><span class=\"wpcf7-form-control-wrap\" data-name=\"radio-823\"><span class=\"wpcf7-form-control wpcf7-radio\"><span class=\"wpcf7-list-item first\"><label><input type=\"radio\" name=\"radio-823\" value=\"Yes\" checked=\"checked\" \/><span class=\"wpcf7-list-item-label\">Oui<\/span><\/label><\/span><span class=\"wpcf7-list-item last\"><label><input type=\"radio\" name=\"radio-823\" value=\"No\" \/><span class=\"wpcf7-list-item-label\">Non<\/span><\/label><\/span><\/span><\/span>\n\t\t\t<\/p>\n\t\t<\/div>\n\t<\/div>\n\t<div class=\"full\">\n\t\t<p><label>As-tu quelque chose \u00e0 ajouter ?<\/label>\n\t\t<\/p>\n\t\t<div class=\"right\">\n\t\t\t<p><span class=\"wpcf7-form-control-wrap\" data-name=\"text-202\"><input size=\"40\" maxlength=\"400\" class=\"wpcf7-form-control wpcf7-text\" aria-invalid=\"false\" value=\"\" type=\"text\" name=\"text-202\" \/><\/span>\n\t\t\t<\/p>\n\t\t<\/div>\n\t<\/div>\n\t<div class=\"full\">\n\t\t<p><label>Merci de joindre une copie de ton passeport \u00e0 ce formulaire<\/label>\n\t\t<\/p>\n\t\t<div class=\"right\">\n\t\t\t<p><span class=\"wpcf7-form-control-wrap\" data-name=\"file-393\"><input size=\"40\" class=\"wpcf7-form-control wpcf7-file wpcf7-validates-as-required\" accept=\"audio\/*,video\/*,image\/*\" aria-required=\"true\" aria-invalid=\"false\" type=\"file\" name=\"file-393\" \/><\/span>\n\t\t\t<\/p>\n\t\t<\/div>\n\t<\/div>\n\t<p>En soumettant ce formulaire, je confirme accepter les termes et conditions de Nomadies LLC\n\t<\/p>\n\t<div class=\"col\" style=\"margin-bottom:10px;\">\n\t\t<p><div id=\"cf7sr-69e73f63b481a\" class=\"cf7sr-g-recaptcha\" data-theme=\"light\" data-type=\"image\" data-size=\"normal\" data-sitekey=\"6LeKLaApAAAAANv2Aw7YyVAyHxcKKKbsRQA6vj_U\"><\/div><span class=\"wpcf7-form-control-wrap cf7sr-recaptcha\" data-name=\"cf7sr-recaptcha\"><input type=\"hidden\" name=\"cf7sr-recaptcha\" value=\"\" class=\"wpcf7-form-control\"><\/span>\n\t\t<\/p>\n\t<\/div>\n\t<div class=\"col\">\n\t\t<p><input class=\"wpcf7-form-control wpcf7-submit has-spinner\" type=\"submit\" value=\"Valider\" \/>\n\t\t<\/p>\n\t<\/div>\n<\/div><div class=\"wpcf7-response-output\" aria-hidden=\"true\"><\/div>\n<input type=\"hidden\" name=\"trp-form-language\" value=\"fr\"\/><\/form>\n<\/div>\n<\/div>\n\t\t\t\t\t\t<\/div>\n\t\t\t\t<\/div>\n\t\t\t\t\t<\/div>\n\t\t<\/div>\n\t\t\t\t\t<\/div>\n\t\t<\/section>\n\t\t\t\t<\/div>","protected":false},"excerpt":{"rendered":"<p>Ladies trip to Japan Registration form Thank you for your interest in our Japan tour! To secure your spot, please complete the form and attach a copy of your passport. This information is required to book your accomodations, and we guarantee the confidentiality of your data. To confirm your reservation, a deposit of AED 2600 (600 EUR) per person per tour is required at the time of booking. The deposit is part of the final payment which must be received by Nomadies LLC no later than one month prior to the start of the tour, unless otherwise agreed upon or advised. Choose to pay through bank transfer or cash (Dubai or Paris). Details will be shared with you once we receive your completed form. After completing your registration, we will add in you in the Whatsapp Group with the other girls.<\/p>","protected":false},"author":1,"featured_media":0,"parent":0,"menu_order":0,"comment_status":"closed","ping_status":"closed","template":"","meta":{"footnotes":""},"class_list":["post-10655","page","type-page","status-publish","hentry"],"yoast_head":"<!-- This site is optimized with the Yoast SEO plugin v27.4 - https:\/\/yoast.com\/product\/yoast-seo-wordpress\/ -->\n<title>Japan Registration Form \u2013 Dubai Musts<\/title>\n<meta name=\"description\" content=\"Complete your Japan registration quickly and securely with Dubai Musts. Easy form submission for travel, events, and more.\" \/>\n<meta name=\"robots\" content=\"index, follow, max-snippet:-1, max-image-preview:large, max-video-preview:-1\" \/>\n<link rel=\"canonical\" href=\"https:\/\/dubaimusts.me\/fr\/japan-registration-form\/\" \/>\n<meta property=\"og:locale\" content=\"fr_FR\" \/>\n<meta property=\"og:type\" content=\"article\" \/>\n<meta property=\"og:title\" content=\"Japan Registration Form \u2013 Dubai Musts\" \/>\n<meta property=\"og:description\" content=\"Complete your Japan registration quickly and securely with Dubai Musts. Easy form submission for travel, events, and more.\" \/>\n<meta property=\"og:url\" content=\"https:\/\/dubaimusts.me\/fr\/japan-registration-form\/\" \/>\n<meta property=\"og:site_name\" content=\"Dubai Musts\" \/>\n<meta property=\"article:publisher\" content=\"https:\/\/www.facebook.com\/dubaimusts\" \/>\n<meta property=\"article:modified_time\" content=\"2025-10-03T08:59:52+00:00\" \/>\n<meta name=\"twitter:card\" content=\"summary_large_image\" \/>\n<meta name=\"twitter:label1\" content=\"Dur\u00e9e de lecture estim\u00e9e\" \/>\n\t<meta name=\"twitter:data1\" content=\"1 minute\" \/>\n<script type=\"application\/ld+json\" class=\"yoast-schema-graph\">{\"@context\":\"https:\\\/\\\/schema.org\",\"@graph\":[{\"@type\":\"WebPage\",\"@id\":\"https:\\\/\\\/dubaimusts.me\\\/japan-registration-form\\\/\",\"url\":\"https:\\\/\\\/dubaimusts.me\\\/japan-registration-form\\\/\",\"name\":\"Japan Registration Form \u2013 Dubai Musts\",\"isPartOf\":{\"@id\":\"https:\\\/\\\/dubaimusts.me\\\/#website\"},\"datePublished\":\"2024-09-18T22:11:48+00:00\",\"dateModified\":\"2025-10-03T08:59:52+00:00\",\"description\":\"Complete your Japan registration quickly and securely with Dubai Musts. Easy form submission for travel, events, and more.\",\"breadcrumb\":{\"@id\":\"https:\\\/\\\/dubaimusts.me\\\/japan-registration-form\\\/#breadcrumb\"},\"inLanguage\":\"fr-FR\",\"potentialAction\":[{\"@type\":\"ReadAction\",\"target\":[\"https:\\\/\\\/dubaimusts.me\\\/japan-registration-form\\\/\"]}]},{\"@type\":\"BreadcrumbList\",\"@id\":\"https:\\\/\\\/dubaimusts.me\\\/japan-registration-form\\\/#breadcrumb\",\"itemListElement\":[{\"@type\":\"ListItem\",\"position\":1,\"name\":\"Home\",\"item\":\"https:\\\/\\\/dubaimusts.me\\\/\"},{\"@type\":\"ListItem\",\"position\":2,\"name\":\"Japan Registration form\"}]},{\"@type\":\"WebSite\",\"@id\":\"https:\\\/\\\/dubaimusts.me\\\/#website\",\"url\":\"https:\\\/\\\/dubaimusts.me\\\/\",\"name\":\"Dubai Musts\",\"description\":\"Travel agency for like-minded women\",\"publisher\":{\"@id\":\"https:\\\/\\\/dubaimusts.me\\\/#organization\"},\"potentialAction\":[{\"@type\":\"SearchAction\",\"target\":{\"@type\":\"EntryPoint\",\"urlTemplate\":\"https:\\\/\\\/dubaimusts.me\\\/?s={search_term_string}\"},\"query-input\":{\"@type\":\"PropertyValueSpecification\",\"valueRequired\":true,\"valueName\":\"search_term_string\"}}],\"inLanguage\":\"fr-FR\"},{\"@type\":\"Organization\",\"@id\":\"https:\\\/\\\/dubaimusts.me\\\/#organization\",\"name\":\"Dubai Musts\",\"url\":\"https:\\\/\\\/dubaimusts.me\\\/\",\"logo\":{\"@type\":\"ImageObject\",\"inLanguage\":\"fr-FR\",\"@id\":\"https:\\\/\\\/dubaimusts.me\\\/#\\\/schema\\\/logo\\\/image\\\/\",\"url\":\"https:\\\/\\\/dubaimusts.me\\\/wp-content\\\/uploads\\\/2023\\\/06\\\/cropped-logo-1920w.webp\",\"contentUrl\":\"https:\\\/\\\/dubaimusts.me\\\/wp-content\\\/uploads\\\/2023\\\/06\\\/cropped-logo-1920w.webp\",\"width\":512,\"height\":512,\"caption\":\"Dubai Musts\"},\"image\":{\"@id\":\"https:\\\/\\\/dubaimusts.me\\\/#\\\/schema\\\/logo\\\/image\\\/\"},\"sameAs\":[\"https:\\\/\\\/www.facebook.com\\\/dubaimusts\",\"https:\\\/\\\/www.instagram.com\\\/dubaimusts\\\/\",\"https:\\\/\\\/web.whatsapp.com\\\/send?phone\"]}]}<\/script>\n<!-- \/ Yoast SEO plugin. -->","yoast_head_json":{"title":"Japan Registration Form \u2013 Dubai Musts","description":"Complete your Japan registration quickly and securely with Dubai Musts. Easy form submission for travel, events, and more.","robots":{"index":"index","follow":"follow","max-snippet":"max-snippet:-1","max-image-preview":"max-image-preview:large","max-video-preview":"max-video-preview:-1"},"canonical":"https:\/\/dubaimusts.me\/fr\/japan-registration-form\/","og_locale":"fr_FR","og_type":"article","og_title":"Japan Registration Form \u2013 Dubai Musts","og_description":"Complete your Japan registration quickly and securely with Dubai Musts. Easy form submission for travel, events, and more.","og_url":"https:\/\/dubaimusts.me\/fr\/japan-registration-form\/","og_site_name":"Dubai Musts","article_publisher":"https:\/\/www.facebook.com\/dubaimusts","article_modified_time":"2025-10-03T08:59:52+00:00","twitter_card":"summary_large_image","twitter_misc":{"Dur\u00e9e de lecture estim\u00e9e":"1 minute"},"schema":{"@context":"https:\/\/schema.org","@graph":[{"@type":"WebPage","@id":"https:\/\/dubaimusts.me\/japan-registration-form\/","url":"https:\/\/dubaimusts.me\/japan-registration-form\/","name":"Japan Registration Form \u2013 Dubai Musts","isPartOf":{"@id":"https:\/\/dubaimusts.me\/#website"},"datePublished":"2024-09-18T22:11:48+00:00","dateModified":"2025-10-03T08:59:52+00:00","description":"Complete your Japan registration quickly and securely with Dubai Musts. Easy form submission for travel, events, and more.","breadcrumb":{"@id":"https:\/\/dubaimusts.me\/japan-registration-form\/#breadcrumb"},"inLanguage":"fr-FR","potentialAction":[{"@type":"ReadAction","target":["https:\/\/dubaimusts.me\/japan-registration-form\/"]}]},{"@type":"BreadcrumbList","@id":"https:\/\/dubaimusts.me\/japan-registration-form\/#breadcrumb","itemListElement":[{"@type":"ListItem","position":1,"name":"Home","item":"https:\/\/dubaimusts.me\/"},{"@type":"ListItem","position":2,"name":"Japan Registration form"}]},{"@type":"WebSite","@id":"https:\/\/dubaimusts.me\/#website","url":"https:\/\/dubaimusts.me\/","name":"Dubai Musts","description":"Agence de voyage pour femmes inspirantes","publisher":{"@id":"https:\/\/dubaimusts.me\/#organization"},"potentialAction":[{"@type":"SearchAction","target":{"@type":"EntryPoint","urlTemplate":"https:\/\/dubaimusts.me\/?s={search_term_string}"},"query-input":{"@type":"PropertyValueSpecification","valueRequired":true,"valueName":"search_term_string"}}],"inLanguage":"fr-FR"},{"@type":"Organization","@id":"https:\/\/dubaimusts.me\/#organization","name":"Dubai Musts","url":"https:\/\/dubaimusts.me\/","logo":{"@type":"ImageObject","inLanguage":"fr-FR","@id":"https:\/\/dubaimusts.me\/#\/schema\/logo\/image\/","url":"https:\/\/dubaimusts.me\/wp-content\/uploads\/2023\/06\/cropped-logo-1920w.webp","contentUrl":"https:\/\/dubaimusts.me\/wp-content\/uploads\/2023\/06\/cropped-logo-1920w.webp","width":512,"height":512,"caption":"Dubai Musts"},"image":{"@id":"https:\/\/dubaimusts.me\/#\/schema\/logo\/image\/"},"sameAs":["https:\/\/www.facebook.com\/dubaimusts","https:\/\/www.instagram.com\/dubaimusts\/","https:\/\/web.whatsapp.com\/send?phone"]}]}},"_links":{"self":[{"href":"https:\/\/dubaimusts.me\/fr\/wp-json\/wp\/v2\/pages\/10655","targetHints":{"allow":["GET"]}}],"collection":[{"href":"https:\/\/dubaimusts.me\/fr\/wp-json\/wp\/v2\/pages"}],"about":[{"href":"https:\/\/dubaimusts.me\/fr\/wp-json\/wp\/v2\/types\/page"}],"author":[{"embeddable":true,"href":"https:\/\/dubaimusts.me\/fr\/wp-json\/wp\/v2\/users\/1"}],"replies":[{"embeddable":true,"href":"https:\/\/dubaimusts.me\/fr\/wp-json\/wp\/v2\/comments?post=10655"}],"version-history":[{"count":10,"href":"https:\/\/dubaimusts.me\/fr\/wp-json\/wp\/v2\/pages\/10655\/revisions"}],"predecessor-version":[{"id":14280,"href":"https:\/\/dubaimusts.me\/fr\/wp-json\/wp\/v2\/pages\/10655\/revisions\/14280"}],"wp:attachment":[{"href":"https:\/\/dubaimusts.me\/fr\/wp-json\/wp\/v2\/media?parent=10655"}],"curies":[{"name":"wp","href":"https:\/\/api.w.org\/{rel}","templated":true}]}}