{"id":2183,"date":"2023-07-04T09:53:40","date_gmt":"2023-07-04T09:53:40","guid":{"rendered":"https:\/\/web3.quikersolutions.com\/?page_id=2183"},"modified":"2025-08-09T15:57:53","modified_gmt":"2025-08-09T11:57:53","slug":"registration-form-kazakhstan","status":"publish","type":"page","link":"https:\/\/dubaimusts.me\/fr\/registration-form-kazakhstan\/","title":{"rendered":"Registration Form Kazakhstan"},"content":{"rendered":"<div data-elementor-type=\"wp-page\" data-elementor-id=\"2183\" class=\"elementor elementor-2183\" data-elementor-post-type=\"page\">\n\t\t\t\t\t\t<section class=\"elementor-section elementor-top-section elementor-element elementor-element-b627a06 elementor-section-boxed elementor-section-height-default elementor-section-height-default wpr-particle-no wpr-jarallax-no wpr-parallax-no wpr-sticky-section-no wpr-equal-height-no\" data-id=\"b627a06\" data-element_type=\"section\" data-e-type=\"section\" data-settings=\"{&quot;background_background&quot;:&quot;classic&quot;}\">\n\t\t\t\t\t\t<div class=\"elementor-container elementor-column-gap-default\">\n\t\t\t\t\t<div class=\"elementor-column elementor-col-100 elementor-top-column elementor-element elementor-element-171045e\" data-id=\"171045e\" data-element_type=\"column\" data-e-type=\"column\">\n\t\t\t<div class=\"elementor-widget-wrap elementor-element-populated\">\n\t\t\t\t\t\t<div class=\"elementor-element elementor-element-8fb8d0b elementor-widget elementor-widget-spacer\" data-id=\"8fb8d0b\" data-element_type=\"widget\" data-e-type=\"widget\" data-widget_type=\"spacer.default\">\n\t\t\t\t<div class=\"elementor-widget-container\">\n\t\t\t\t\t\t\t<div class=\"elementor-spacer\">\n\t\t\t<div class=\"elementor-spacer-inner\"><\/div>\n\t\t<\/div>\n\t\t\t\t\t\t<\/div>\n\t\t\t\t<\/div>\n\t\t\t\t\t<\/div>\n\t\t<\/div>\n\t\t\t\t\t<\/div>\n\t\t<\/section>\n\t\t\t\t<section class=\"elementor-section elementor-top-section elementor-element elementor-element-5a2b2d9 elementor-section-boxed elementor-section-height-default elementor-section-height-default wpr-particle-no wpr-jarallax-no wpr-parallax-no wpr-sticky-section-no wpr-equal-height-no\" data-id=\"5a2b2d9\" data-element_type=\"section\" data-e-type=\"section\">\n\t\t\t\t\t\t<div class=\"elementor-container elementor-column-gap-default\">\n\t\t\t\t\t<div class=\"elementor-column elementor-col-100 elementor-top-column elementor-element elementor-element-a2aadeb\" data-id=\"a2aadeb\" data-element_type=\"column\" data-e-type=\"column\">\n\t\t\t<div class=\"elementor-widget-wrap elementor-element-populated\">\n\t\t\t\t\t\t<div class=\"elementor-element elementor-element-393ccb5 elementor-widget elementor-widget-heading\" data-id=\"393ccb5\" data-element_type=\"widget\" data-e-type=\"widget\" data-widget_type=\"heading.default\">\n\t\t\t\t<div class=\"elementor-widget-container\">\n\t\t\t\t\t<h1 class=\"elementor-heading-title elementor-size-default\">Voyage organis\u00e9 d\u00e9di\u00e9 aux femmes au Kazakhstan<br>\nFormulaire d'inscription<\/h1>\t\t\t\t<\/div>\n\t\t\t\t<\/div>\n\t\t\t\t<div class=\"elementor-element elementor-element-276bb2f elementor-widget elementor-widget-text-editor\" data-id=\"276bb2f\" data-element_type=\"widget\" data-e-type=\"widget\" data-widget_type=\"text-editor.default\">\n\t\t\t\t<div class=\"elementor-widget-container\">\n\t\t\t\t\t\t\t\t\t<p><strong>Merci de ton int\u00e9r\u00eat pour le voyage au Kazakhstan!<\/strong> Pour garantir ta place, veille a remplir le formulaire et joindre une copie de ton passeport. Ces informations sont n\u00e9cessaires \u00e0 la r\u00e9servation des h\u00e9bergements et des activit\u00e9s, nous garantissons la confidentialit\u00e9 de tes donn\u00e9es.<\/p><p>Pour confirmer ta r\u00e9servation, un acompte de 2250 AED (550 EUR) par personne est requis au moment de la r\u00e9servation.<\/p><p>Cet acompte fait parti du paiement final (AED 6290 - 1600 EUR) qui doit \u00eatre re\u00e7u par Nomadies LLC au plus tard un jour avant le d\u00e9but du voyage, sauf accord pr\u00e9alable.<\/p><p>Tu pourras payer par PayPal ou par virement bancaire. Les d\u00e9tails te seront communiqu\u00e9s une fois que nous aurons re\u00e7u le formulaire d\u00fbment rempli.<\/p><p>Une fois ton inscription termin\u00e9e, nous t\u2019aiderons \u00e0 choisir les billets d\u2019avion \u00e0 r\u00e9server.<\/p>\t\t\t\t\t\t\t\t<\/div>\n\t\t\t\t<\/div>\n\t\t\t\t\t<\/div>\n\t\t<\/div>\n\t\t\t\t\t<\/div>\n\t\t<\/section>\n\t\t\t\t<section class=\"elementor-section elementor-top-section elementor-element elementor-element-1ca16cd elementor-section-boxed elementor-section-height-default elementor-section-height-default wpr-particle-no wpr-jarallax-no wpr-parallax-no wpr-sticky-section-no wpr-equal-height-no\" data-id=\"1ca16cd\" data-element_type=\"section\" data-e-type=\"section\">\n\t\t\t\t\t\t<div class=\"elementor-container elementor-column-gap-default\">\n\t\t\t\t\t<div class=\"elementor-column elementor-col-100 elementor-top-column elementor-element elementor-element-56266ed\" data-id=\"56266ed\" data-element_type=\"column\" data-e-type=\"column\">\n\t\t\t<div class=\"elementor-widget-wrap elementor-element-populated\">\n\t\t\t\t\t\t<div class=\"elementor-element elementor-element-1ef4cad elementor-widget__width-initial elementor-widget elementor-widget-shortcode\" data-id=\"1ef4cad\" data-element_type=\"widget\" data-e-type=\"widget\" data-widget_type=\"shortcode.default\">\n\t\t\t\t<div class=\"elementor-widget-container\">\n\t\t\t\t\t\t\t<div class=\"elementor-shortcode\">\n<div class=\"wpcf7 no-js\" id=\"wpcf7-f2210-o1\" lang=\"en-US\" dir=\"ltr\" data-wpcf7-id=\"2210\">\n<div class=\"screen-reader-response\"><p role=\"status\" aria-live=\"polite\" aria-atomic=\"true\"><\/p> <ul><\/ul><\/div>\n<form action=\"\/fr\/wp-json\/wp\/v2\/pages\/2183#wpcf7-f2210-o1\" method=\"post\" class=\"wpcf7-form init\" aria-label=\"Contact form\" enctype=\"multipart\/form-data\" novalidate=\"novalidate\" data-status=\"init\" data-trp-original-action=\"\/fr\/wp-json\/wp\/v2\/pages\/2183#wpcf7-f2210-o1\">\n<fieldset class=\"hidden-fields-container\"><input type=\"hidden\" name=\"_wpcf7\" value=\"2210\" \/><input type=\"hidden\" name=\"_wpcf7_version\" value=\"6.1.5\" \/><input type=\"hidden\" name=\"_wpcf7_locale\" value=\"en_US\" \/><input type=\"hidden\" name=\"_wpcf7_unit_tag\" value=\"wpcf7-f2210-o1\" \/><input type=\"hidden\" name=\"_wpcf7_container_post\" value=\"0\" \/><input type=\"hidden\" name=\"_wpcf7_posted_data_hash\" value=\"\" \/><input type=\"hidden\" name=\"_wpcf7_recaptcha_response\" value=\"\" \/>\n<\/fieldset>\n<div class=\"kazakh\">\n\t<div class=\"full\">\n\t\t<p><label>Nom de famille*<\/label>\n\t\t<\/p>\n\t\t<div class=\"right\">\n\t\t\t<p><span class=\"wpcf7-form-control-wrap\" data-name=\"text-545\"><input size=\"40\" maxlength=\"400\" class=\"wpcf7-form-control wpcf7-text wpcf7-validates-as-required\" aria-required=\"true\" aria-invalid=\"false\" value=\"\" type=\"text\" name=\"text-545\" \/><\/span>\n\t\t\t<\/p>\n\t\t<\/div>\n\t<\/div>\n\t<div class=\"full\">\n\t\t<p><label>Pr\u00e9nom*<\/label>\n\t\t<\/p>\n\t\t<div class=\"right\">\n\t\t\t<p><span class=\"wpcf7-form-control-wrap\" data-name=\"text-135\"><input size=\"40\" maxlength=\"400\" class=\"wpcf7-form-control wpcf7-text wpcf7-validates-as-required\" aria-required=\"true\" aria-invalid=\"false\" value=\"\" type=\"text\" name=\"text-135\" \/><\/span>\n\t\t\t<\/p>\n\t\t<\/div>\n\t<\/div>\n\t<div class=\"full\">\n\t\t<p><label>Date de s\u00e9jour s\u00e9lectionn\u00e9e<\/label>\n\t\t<\/p>\n\t\t<div class=\"right\">\n\t\t\t<p><span class=\"wpcf7-form-control-wrap\" data-name=\"menu-248\"><select class=\"wpcf7-form-control wpcf7-select wpcf7-validates-as-required\" aria-required=\"true\" aria-invalid=\"false\" name=\"menu-248\"><option value=\"Monday 30\/10\">Monday 30\/10<\/option><option value=\"Monday 18\/03\">Monday 18\/03<\/option><\/select><\/span>\n\t\t\t<\/p>\n\t\t<\/div>\n\t<\/div>\n\t<div class=\"full\">\n\t\t<p><label>Date de naissance<\/label>\n\t\t<\/p>\n\t\t<div class=\"right\">\n\t\t\t<p><span class=\"wpcf7-form-control-wrap\" data-name=\"date-862\"><input class=\"wpcf7-form-control wpcf7-date wpcf7-validates-as-required wpcf7-validates-as-date\" aria-required=\"true\" aria-invalid=\"false\" value=\"\" type=\"date\" name=\"date-862\" \/><\/span>\n\t\t\t<\/p>\n\t\t<\/div>\n\t<\/div>\n\t<div class=\"full\">\n\t\t<p><label>Num\u00e9ro de portable<\/label>\n\t\t<\/p>\n\t\t<div class=\"right\">\n\t\t\t<p><span class=\"wpcf7-form-control-wrap\" data-name=\"number-967\"><input class=\"wpcf7-form-control wpcf7-number wpcf7-validates-as-required wpcf7-validates-as-number\" aria-required=\"true\" aria-invalid=\"false\" placeholder=\"Ainsi que ton WhatsApp si diff\u00e9rent\" value=\"\" type=\"number\" name=\"number-967\" \/><\/span>\n\t\t\t<\/p>\n\t\t<\/div>\n\t<\/div>\n\t<div class=\"full\">\n\t\t<p><label>Voyage depuis<\/label>\n\t\t<\/p>\n\t\t<div class=\"right\">\n\t\t\t<p><span class=\"wpcf7-form-control-wrap\" data-name=\"text-810\"><input size=\"40\" maxlength=\"400\" class=\"wpcf7-form-control wpcf7-text\" aria-invalid=\"false\" placeholder=\"Nom de l&#039;a\u00e9roport\" value=\"\" type=\"text\" name=\"text-810\" \/><\/span>\n\t\t\t<\/p>\n\t\t<\/div>\n\t<\/div>\n\t<div class=\"full\">\n\t\t<p><label>E-mail*<\/label>\n\t\t<\/p>\n\t\t<div class=\"right\">\n\t\t\t<p><span class=\"wpcf7-form-control-wrap\" data-name=\"email-171\"><input size=\"40\" maxlength=\"400\" class=\"wpcf7-form-control wpcf7-email wpcf7-validates-as-required wpcf7-text wpcf7-validates-as-email\" aria-required=\"true\" aria-invalid=\"false\" value=\"\" type=\"email\" name=\"email-171\" \/><\/span>\n\t\t\t<\/p>\n\t\t<\/div>\n\t<\/div>\n\t<div class=\"full\">\n\t\t<p><label>Nationalit\u00e9<\/label>\n\t\t<\/p>\n\t\t<div class=\"right\">\n\t\t\t<p><span class=\"wpcf7-form-control-wrap\" data-name=\"text-131\"><input size=\"40\" maxlength=\"400\" class=\"wpcf7-form-control wpcf7-text\" aria-invalid=\"false\" value=\"\" type=\"text\" name=\"text-131\" \/><\/span>\n\t\t\t<\/p>\n\t\t<\/div>\n\t<\/div>\n\t<div class=\"full\">\n\t\t<p><label>Passeport valable 6 mois au-del\u00e0 de la date de retour pr\u00e9vue<\/label>\n\t\t<\/p>\n\t\t<div class=\"right\">\n\t\t\t<p><span class=\"wpcf7-form-control-wrap\" data-name=\"radio-211\"><span class=\"wpcf7-form-control wpcf7-radio\"><span class=\"wpcf7-list-item first\"><label><input type=\"radio\" name=\"radio-211\" value=\"Yes\" checked=\"checked\" \/><span class=\"wpcf7-list-item-label\">Oui<\/span><\/label><\/span><span class=\"wpcf7-list-item last\"><label><input type=\"radio\" name=\"radio-211\" value=\"No, but I will renew it on time\" \/><span class=\"wpcf7-list-item-label\">Non, je le renouvellerai \u00e0 temps<\/span><\/label><\/span><\/span><\/span>\n\t\t\t<\/p>\n\t\t<\/div>\n\t<\/div>\n\t<div class=\"full\">\n\t\t<p><label>Quel est ton job ?<\/label>\n\t\t<\/p>\n\t\t<div class=\"right\">\n\t\t\t<p><span class=\"wpcf7-form-control-wrap\" data-name=\"text-867\"><input size=\"40\" maxlength=\"400\" class=\"wpcf7-form-control wpcf7-text\" aria-invalid=\"false\" value=\"\" type=\"text\" name=\"text-867\" \/><\/span>\n\t\t\t<\/p>\n\t\t<\/div>\n\t<\/div>\n\t<div class=\"full\">\n\t\t<p><label>As tu d\u00e9j\u00e0 voyag\u00e9 seule ?<\/label>\n\t\t<\/p>\n\t\t<div class=\"right\">\n\t\t\t<p><span class=\"wpcf7-form-control-wrap\" data-name=\"radio-891\"><span class=\"wpcf7-form-control wpcf7-radio\"><span class=\"wpcf7-list-item first\"><label><input type=\"radio\" name=\"radio-891\" value=\"Yes\" checked=\"checked\" \/><span class=\"wpcf7-list-item-label\">Oui<\/span><\/label><\/span><span class=\"wpcf7-list-item last\"><label><input type=\"radio\" name=\"radio-891\" value=\"First Time\" \/><span class=\"wpcf7-list-item-label\">Premi\u00e8re fois<\/span><\/label><\/span><\/span><\/span>\n\t\t\t<\/p>\n\t\t<\/div>\n\t<\/div>\n\t<div class=\"full\">\n\t\t<p><label>Quelles sont tes passions ?<\/label>\n\t\t<\/p>\n\t\t<div class=\"right\">\n\t\t\t<p><span class=\"wpcf7-form-control-wrap\" data-name=\"text-853\"><input size=\"40\" maxlength=\"400\" class=\"wpcf7-form-control wpcf7-text\" aria-invalid=\"false\" value=\"\" type=\"text\" name=\"text-853\" \/><\/span>\n\t\t\t<\/p>\n\t\t<\/div>\n\t<\/div>\n\t<div class=\"full\">\n\t\t<p><label>Qu\u2019attends-tu de ce voyage ?<\/label>\n\t\t<\/p>\n\t\t<div class=\"right\">\n\t\t\t<p><span class=\"wpcf7-form-control-wrap\" data-name=\"text-702\"><input size=\"40\" maxlength=\"400\" class=\"wpcf7-form-control wpcf7-text\" aria-invalid=\"false\" value=\"\" type=\"text\" name=\"text-702\" \/><\/span>\n\t\t\t<\/p>\n\t\t<\/div>\n\t<\/div>\n\t<div class=\"full\">\n\t\t<p><label>As-tu des allergies\/intol\u00e9rances particuli\u00e8res ?<\/label>\n\t\t<\/p>\n\t\t<div class=\"right\">\n\t\t\t<p><span class=\"wpcf7-form-control-wrap\" data-name=\"text-372\"><input size=\"40\" maxlength=\"400\" class=\"wpcf7-form-control wpcf7-text\" aria-invalid=\"false\" value=\"\" type=\"text\" name=\"text-372\" \/><\/span>\n\t\t\t<\/p>\n\t\t<\/div>\n\t<\/div>\n\t<div class=\"full\">\n\t\t<p><label>As-tu des soucis de sant\u00e9 \u00e0 signaler ?<\/label>\n\t\t<\/p>\n\t\t<div class=\"right\">\n\t\t\t<p><span class=\"wpcf7-form-control-wrap\" data-name=\"text-528\"><input size=\"40\" maxlength=\"400\" class=\"wpcf7-form-control wpcf7-text\" aria-invalid=\"false\" value=\"\" type=\"text\" name=\"text-528\" \/><\/span>\n\t\t\t<\/p>\n\t\t<\/div>\n\t<\/div>\n\t<div class=\"full\">\n\t\t<p><label>Personne \u00e0 contacter en cas d\u2019urgence<\/label>\n\t\t<\/p>\n\t\t<div class=\"right\">\n\t\t\t<p><span class=\"wpcf7-form-control-wrap\" data-name=\"text-398\"><input size=\"40\" maxlength=\"400\" class=\"wpcf7-form-control wpcf7-text\" aria-invalid=\"false\" value=\"\" type=\"text\" name=\"text-398\" \/><\/span>\n\t\t\t<\/p>\n\t\t<\/div>\n\t<\/div>\n\t<div class=\"full\">\n\t\t<p><label>Autorises-tu \u00e0 \u00eatre photographi\u00e9e et post\u00e9e sur les r\u00e9seaux sociaux\/site DubaiMusts ?<\/label>\n\t\t<\/p>\n\t\t<div class=\"right\">\n\t\t\t<p><span class=\"wpcf7-form-control-wrap\" data-name=\"radio-285\"><span class=\"wpcf7-form-control wpcf7-radio\"><span class=\"wpcf7-list-item first\"><label><input type=\"radio\" name=\"radio-285\" value=\"Yes\" checked=\"checked\" \/><span class=\"wpcf7-list-item-label\">Oui<\/span><\/label><\/span><span class=\"wpcf7-list-item last\"><label><input type=\"radio\" name=\"radio-285\" value=\"No\" \/><span class=\"wpcf7-list-item-label\">Non<\/span><\/label><\/span><\/span><\/span>\n\t\t\t<\/p>\n\t\t<\/div>\n\t<\/div>\n\t<div class=\"full\">\n\t\t<p><label>As-tu quelque chose \u00e0 ajouter ?<\/label>\n\t\t<\/p>\n\t\t<div class=\"right\">\n\t\t\t<p><span class=\"wpcf7-form-control-wrap\" data-name=\"text-322\"><input size=\"40\" maxlength=\"400\" class=\"wpcf7-form-control wpcf7-text\" aria-invalid=\"false\" value=\"\" type=\"text\" name=\"text-322\" \/><\/span>\n\t\t\t<\/p>\n\t\t<\/div>\n\t<\/div>\n\t<div class=\"full\">\n\t\t<p><label>Merci de joindre une copie de ton passeport \u00e0 ce formulaire<\/label>\n\t\t<\/p>\n\t\t<div class=\"right\">\n\t\t\t<p><span class=\"wpcf7-form-control-wrap\" data-name=\"file-303\"><input size=\"40\" class=\"wpcf7-form-control wpcf7-file wpcf7-validates-as-required\" accept=\"audio\/*,video\/*,image\/*\" aria-required=\"true\" aria-invalid=\"false\" type=\"file\" name=\"file-303\" \/><\/span>\n\t\t\t<\/p>\n\t\t<\/div>\n\t<\/div>\n\t<p>En soumettant ce formulaire, je confirme accepter les termes et conditions de Nomadies LLC\n\t<\/p>\n\t<div class=\"col\" style=\"margin-bottom:10px;\">\n\t\t<p><div id=\"cf7sr-69f46cd22bba8\" class=\"cf7sr-g-recaptcha\" data-theme=\"light\" data-type=\"image\" data-size=\"normal\" data-sitekey=\"6LeKLaApAAAAANv2Aw7YyVAyHxcKKKbsRQA6vj_U\"><\/div><span class=\"wpcf7-form-control-wrap cf7sr-recaptcha\" data-name=\"cf7sr-recaptcha\"><input type=\"hidden\" name=\"cf7sr-recaptcha\" value=\"\" class=\"wpcf7-form-control\"><\/span>\n\t\t<\/p>\n\t<\/div>\n\t<div class=\"col\">\n\t\t<p><input class=\"wpcf7-form-control wpcf7-submit has-spinner\" type=\"submit\" value=\"Valider\" \/>\n\t\t<\/p>\n\t<\/div>\n<\/div><div class=\"wpcf7-response-output\" aria-hidden=\"true\"><\/div>\n<input type=\"hidden\" name=\"trp-form-language\" value=\"fr\"\/><\/form>\n<\/div>\n<\/div>\n\t\t\t\t\t\t<\/div>\n\t\t\t\t<\/div>\n\t\t\t\t\t<\/div>\n\t\t<\/div>\n\t\t\t\t\t<\/div>\n\t\t<\/section>\n\t\t\t\t<\/div>","protected":false},"excerpt":{"rendered":"<p>Ladies trip to Kazakhstan Registration form Thank you for your interest in our trip to Kazakhstan! To secure your spot, please complete the form and attach a copy of your passport. This information is required to book the accomodations and activities, we guarantee the confidentiality of your data. To confirm your reservation, a deposit of AED 2250 (550 EUR) per person per tour is required at the time of booking. The deposit is part of the final payment (AED 6290 &#8211; 1600 EUR) which must be received by Nomadies LLC no later than one day prior to the start of the tour, unless otherwise agreed upon or advised. Choose to pay through PayPal or bank transfer. Details will be shared with you once we receive your completed form. After completing your registration, we will assist you in choosing the best airline tickets to book.<\/p>","protected":false},"author":1,"featured_media":0,"parent":0,"menu_order":0,"comment_status":"closed","ping_status":"closed","template":"","meta":{"footnotes":""},"class_list":["post-2183","page","type-page","status-publish","hentry"],"yoast_head":"<!-- This site is optimized with the Yoast SEO plugin v27.5 - https:\/\/yoast.com\/product\/yoast-seo-wordpress\/ -->\n<title>Kazakhstan Registration Form \u2013 Dubai Musts<\/title>\n<meta name=\"description\" content=\"Complete your Kazakhstan registration with Dubai Musts. Easy, secure, and fast form submission for your travel or event needs.\" \/>\n<meta name=\"robots\" content=\"index, follow, max-snippet:-1, max-image-preview:large, max-video-preview:-1\" \/>\n<link rel=\"canonical\" href=\"https:\/\/dubaimusts.me\/fr\/registration-form-kazakhstan\/\" \/>\n<meta property=\"og:locale\" content=\"fr_FR\" \/>\n<meta property=\"og:type\" content=\"article\" \/>\n<meta property=\"og:title\" content=\"Kazakhstan Registration Form \u2013 Dubai Musts\" \/>\n<meta property=\"og:description\" content=\"Complete your Kazakhstan registration with Dubai Musts. Easy, secure, and fast form submission for your travel or event needs.\" \/>\n<meta property=\"og:url\" content=\"https:\/\/dubaimusts.me\/fr\/registration-form-kazakhstan\/\" \/>\n<meta property=\"og:site_name\" content=\"Dubai Musts\" \/>\n<meta property=\"article:publisher\" content=\"https:\/\/www.facebook.com\/dubaimusts\" \/>\n<meta property=\"article:modified_time\" content=\"2025-08-09T11:57:53+00:00\" \/>\n<meta name=\"twitter:card\" content=\"summary_large_image\" \/>\n<meta name=\"twitter:label1\" content=\"Dur\u00e9e de lecture estim\u00e9e\" \/>\n\t<meta name=\"twitter:data1\" content=\"1 minute\" \/>\n<script type=\"application\/ld+json\" class=\"yoast-schema-graph\">{\"@context\":\"https:\\\/\\\/schema.org\",\"@graph\":[{\"@type\":\"WebPage\",\"@id\":\"https:\\\/\\\/dubaimusts.me\\\/registration-form-kazakhstan\\\/\",\"url\":\"https:\\\/\\\/dubaimusts.me\\\/registration-form-kazakhstan\\\/\",\"name\":\"Kazakhstan Registration Form \u2013 Dubai Musts\",\"isPartOf\":{\"@id\":\"https:\\\/\\\/dubaimusts.me\\\/#website\"},\"datePublished\":\"2023-07-04T09:53:40+00:00\",\"dateModified\":\"2025-08-09T11:57:53+00:00\",\"description\":\"Complete your Kazakhstan registration with Dubai Musts. Easy, secure, and fast form submission for your travel or event needs.\",\"breadcrumb\":{\"@id\":\"https:\\\/\\\/dubaimusts.me\\\/registration-form-kazakhstan\\\/#breadcrumb\"},\"inLanguage\":\"fr-FR\",\"potentialAction\":[{\"@type\":\"ReadAction\",\"target\":[\"https:\\\/\\\/dubaimusts.me\\\/registration-form-kazakhstan\\\/\"]}]},{\"@type\":\"BreadcrumbList\",\"@id\":\"https:\\\/\\\/dubaimusts.me\\\/registration-form-kazakhstan\\\/#breadcrumb\",\"itemListElement\":[{\"@type\":\"ListItem\",\"position\":1,\"name\":\"Home\",\"item\":\"https:\\\/\\\/dubaimusts.me\\\/\"},{\"@type\":\"ListItem\",\"position\":2,\"name\":\"Registration Form Kazakhstan\"}]},{\"@type\":\"WebSite\",\"@id\":\"https:\\\/\\\/dubaimusts.me\\\/#website\",\"url\":\"https:\\\/\\\/dubaimusts.me\\\/\",\"name\":\"Dubai Musts\",\"description\":\"Travel agency for like-minded women\",\"publisher\":{\"@id\":\"https:\\\/\\\/dubaimusts.me\\\/#organization\"},\"potentialAction\":[{\"@type\":\"SearchAction\",\"target\":{\"@type\":\"EntryPoint\",\"urlTemplate\":\"https:\\\/\\\/dubaimusts.me\\\/?s={search_term_string}\"},\"query-input\":{\"@type\":\"PropertyValueSpecification\",\"valueRequired\":true,\"valueName\":\"search_term_string\"}}],\"inLanguage\":\"fr-FR\"},{\"@type\":\"Organization\",\"@id\":\"https:\\\/\\\/dubaimusts.me\\\/#organization\",\"name\":\"Dubai Musts\",\"url\":\"https:\\\/\\\/dubaimusts.me\\\/\",\"logo\":{\"@type\":\"ImageObject\",\"inLanguage\":\"fr-FR\",\"@id\":\"https:\\\/\\\/dubaimusts.me\\\/#\\\/schema\\\/logo\\\/image\\\/\",\"url\":\"https:\\\/\\\/dubaimusts.me\\\/wp-content\\\/uploads\\\/2023\\\/06\\\/cropped-logo-1920w.webp\",\"contentUrl\":\"https:\\\/\\\/dubaimusts.me\\\/wp-content\\\/uploads\\\/2023\\\/06\\\/cropped-logo-1920w.webp\",\"width\":512,\"height\":512,\"caption\":\"Dubai Musts\"},\"image\":{\"@id\":\"https:\\\/\\\/dubaimusts.me\\\/#\\\/schema\\\/logo\\\/image\\\/\"},\"sameAs\":[\"https:\\\/\\\/www.facebook.com\\\/dubaimusts\",\"https:\\\/\\\/www.instagram.com\\\/dubaimusts\\\/\",\"https:\\\/\\\/web.whatsapp.com\\\/send?phone\"]}]}<\/script>\n<!-- \/ Yoast SEO plugin. -->","yoast_head_json":{"title":"Kazakhstan Registration Form \u2013 Dubai Musts","description":"Complete your Kazakhstan registration with Dubai Musts. Easy, secure, and fast form submission for your travel or event needs.","robots":{"index":"index","follow":"follow","max-snippet":"max-snippet:-1","max-image-preview":"max-image-preview:large","max-video-preview":"max-video-preview:-1"},"canonical":"https:\/\/dubaimusts.me\/fr\/registration-form-kazakhstan\/","og_locale":"fr_FR","og_type":"article","og_title":"Kazakhstan Registration Form \u2013 Dubai Musts","og_description":"Complete your Kazakhstan registration with Dubai Musts. Easy, secure, and fast form submission for your travel or event needs.","og_url":"https:\/\/dubaimusts.me\/fr\/registration-form-kazakhstan\/","og_site_name":"Dubai Musts","article_publisher":"https:\/\/www.facebook.com\/dubaimusts","article_modified_time":"2025-08-09T11:57:53+00:00","twitter_card":"summary_large_image","twitter_misc":{"Dur\u00e9e de lecture estim\u00e9e":"1 minute"},"schema":{"@context":"https:\/\/schema.org","@graph":[{"@type":"WebPage","@id":"https:\/\/dubaimusts.me\/registration-form-kazakhstan\/","url":"https:\/\/dubaimusts.me\/registration-form-kazakhstan\/","name":"Kazakhstan Registration Form \u2013 Dubai Musts","isPartOf":{"@id":"https:\/\/dubaimusts.me\/#website"},"datePublished":"2023-07-04T09:53:40+00:00","dateModified":"2025-08-09T11:57:53+00:00","description":"Complete your Kazakhstan registration with Dubai Musts. Easy, secure, and fast form submission for your travel or event needs.","breadcrumb":{"@id":"https:\/\/dubaimusts.me\/registration-form-kazakhstan\/#breadcrumb"},"inLanguage":"fr-FR","potentialAction":[{"@type":"ReadAction","target":["https:\/\/dubaimusts.me\/registration-form-kazakhstan\/"]}]},{"@type":"BreadcrumbList","@id":"https:\/\/dubaimusts.me\/registration-form-kazakhstan\/#breadcrumb","itemListElement":[{"@type":"ListItem","position":1,"name":"Home","item":"https:\/\/dubaimusts.me\/"},{"@type":"ListItem","position":2,"name":"Registration Form Kazakhstan"}]},{"@type":"WebSite","@id":"https:\/\/dubaimusts.me\/#website","url":"https:\/\/dubaimusts.me\/","name":"Dubai Musts","description":"Agence de voyage pour femmes inspirantes","publisher":{"@id":"https:\/\/dubaimusts.me\/#organization"},"potentialAction":[{"@type":"SearchAction","target":{"@type":"EntryPoint","urlTemplate":"https:\/\/dubaimusts.me\/?s={search_term_string}"},"query-input":{"@type":"PropertyValueSpecification","valueRequired":true,"valueName":"search_term_string"}}],"inLanguage":"fr-FR"},{"@type":"Organization","@id":"https:\/\/dubaimusts.me\/#organization","name":"Dubai Musts","url":"https:\/\/dubaimusts.me\/","logo":{"@type":"ImageObject","inLanguage":"fr-FR","@id":"https:\/\/dubaimusts.me\/#\/schema\/logo\/image\/","url":"https:\/\/dubaimusts.me\/wp-content\/uploads\/2023\/06\/cropped-logo-1920w.webp","contentUrl":"https:\/\/dubaimusts.me\/wp-content\/uploads\/2023\/06\/cropped-logo-1920w.webp","width":512,"height":512,"caption":"Dubai Musts"},"image":{"@id":"https:\/\/dubaimusts.me\/#\/schema\/logo\/image\/"},"sameAs":["https:\/\/www.facebook.com\/dubaimusts","https:\/\/www.instagram.com\/dubaimusts\/","https:\/\/web.whatsapp.com\/send?phone"]}]}},"_links":{"self":[{"href":"https:\/\/dubaimusts.me\/fr\/wp-json\/wp\/v2\/pages\/2183","targetHints":{"allow":["GET"]}}],"collection":[{"href":"https:\/\/dubaimusts.me\/fr\/wp-json\/wp\/v2\/pages"}],"about":[{"href":"https:\/\/dubaimusts.me\/fr\/wp-json\/wp\/v2\/types\/page"}],"author":[{"embeddable":true,"href":"https:\/\/dubaimusts.me\/fr\/wp-json\/wp\/v2\/users\/1"}],"replies":[{"embeddable":true,"href":"https:\/\/dubaimusts.me\/fr\/wp-json\/wp\/v2\/comments?post=2183"}],"version-history":[{"count":0,"href":"https:\/\/dubaimusts.me\/fr\/wp-json\/wp\/v2\/pages\/2183\/revisions"}],"wp:attachment":[{"href":"https:\/\/dubaimusts.me\/fr\/wp-json\/wp\/v2\/media?parent=2183"}],"curies":[{"name":"wp","href":"https:\/\/api.w.org\/{rel}","templated":true}]}}