{"id":637,"date":"2023-06-28T06:48:00","date_gmt":"2023-06-28T06:48:00","guid":{"rendered":"https:\/\/web3.quikersolutions.com\/?page_id=637"},"modified":"2025-08-04T17:02:10","modified_gmt":"2025-08-04T13:02:10","slug":"contact-us","status":"publish","type":"page","link":"https:\/\/dubaimusts.me\/fr\/contact-us\/","title":{"rendered":"Contact Us"},"content":{"rendered":"<div data-elementor-type=\"wp-page\" data-elementor-id=\"637\" class=\"elementor elementor-637\" data-elementor-post-type=\"page\">\n\t\t\t\t\t\t<section class=\"elementor-section elementor-top-section elementor-element elementor-element-24a5e00 elementor-section-full_width elementor-section-height-min-height elementor-section-height-default elementor-section-items-middle wpr-particle-no wpr-jarallax-no wpr-parallax-no wpr-sticky-section-no wpr-equal-height-no\" data-id=\"24a5e00\" data-element_type=\"section\" data-e-type=\"section\" data-settings=\"{&quot;background_background&quot;:&quot;classic&quot;}\">\n\t\t\t\t\t\t<div class=\"elementor-container elementor-column-gap-default\">\n\t\t\t\t\t<div class=\"elementor-column elementor-col-100 elementor-top-column elementor-element elementor-element-2e71231\" data-id=\"2e71231\" data-element_type=\"column\" data-e-type=\"column\">\n\t\t\t<div class=\"elementor-widget-wrap elementor-element-populated\">\n\t\t\t\t\t\t<div class=\"elementor-element elementor-element-cf9c67f elementor-widget elementor-widget-heading\" data-id=\"cf9c67f\" data-element_type=\"widget\" data-e-type=\"widget\" data-widget_type=\"heading.default\">\n\t\t\t\t<div class=\"elementor-widget-container\">\n\t\t\t\t\t<h1 class=\"elementor-heading-title elementor-size-default\">Contact us! <\/h1>\t\t\t\t<\/div>\n\t\t\t\t<\/div>\n\t\t\t\t\t<\/div>\n\t\t<\/div>\n\t\t\t\t\t<\/div>\n\t\t<\/section>\n\t\t\t\t<section class=\"elementor-section elementor-top-section elementor-element elementor-element-fcbb9e2 elementor-section-full_width elementor-section-height-default elementor-section-height-default wpr-particle-no wpr-jarallax-no wpr-parallax-no wpr-sticky-section-no wpr-equal-height-no\" data-id=\"fcbb9e2\" data-element_type=\"section\" data-e-type=\"section\" data-settings=\"{&quot;background_background&quot;:&quot;classic&quot;}\">\n\t\t\t\t\t\t<div class=\"elementor-container elementor-column-gap-default\">\n\t\t\t\t\t<div class=\"elementor-column elementor-col-100 elementor-top-column elementor-element elementor-element-899fee8\" data-id=\"899fee8\" data-element_type=\"column\" data-e-type=\"column\">\n\t\t\t<div class=\"elementor-widget-wrap elementor-element-populated\">\n\t\t\t\t\t\t<div class=\"elementor-element elementor-element-d21e394 elementor-widget elementor-widget-heading\" data-id=\"d21e394\" data-element_type=\"widget\" data-e-type=\"widget\" data-widget_type=\"heading.default\">\n\t\t\t\t<div class=\"elementor-widget-container\">\n\t\t\t\t\t<h3 class=\"elementor-heading-title elementor-size-default\">Have a question about one of our travel packages or just want to say hi?<\/h3>\t\t\t\t<\/div>\n\t\t\t\t<\/div>\n\t\t\t\t\t<\/div>\n\t\t<\/div>\n\t\t\t\t\t<\/div>\n\t\t<\/section>\n\t\t\t\t<section class=\"elementor-section elementor-top-section elementor-element elementor-element-285721a space ops-section elementor-section-boxed elementor-section-height-default elementor-section-height-default wpr-particle-no wpr-jarallax-no wpr-parallax-no wpr-sticky-section-no wpr-equal-height-no\" data-id=\"285721a\" data-element_type=\"section\" data-e-type=\"section\" data-settings=\"{&quot;ekit_has_onepagescroll&quot;:&quot;section&quot;}\">\n\t\t\t\t\t\t<div class=\"elementor-container elementor-column-gap-default\">\n\t\t\t\t\t<div class=\"elementor-column elementor-col-100 elementor-top-column elementor-element elementor-element-26b5a39\" data-id=\"26b5a39\" data-element_type=\"column\" data-e-type=\"column\">\n\t\t\t<div class=\"elementor-widget-wrap elementor-element-populated\">\n\t\t\t\t\t\t<div class=\"elementor-element elementor-element-e8a7254 elementor-widget elementor-widget-text-editor\" data-id=\"e8a7254\" data-element_type=\"widget\" data-e-type=\"widget\" data-widget_type=\"text-editor.default\">\n\t\t\t\t<div class=\"elementor-widget-container\">\n\t\t\t\t\t\t\t\t\t<p>Connect with Us for an Unforgettable Ladies-Only Tour Adventure \u2013 Your Gateway to Empowered Travel!<\/p>\t\t\t\t\t\t\t\t<\/div>\n\t\t\t\t<\/div>\n\t\t\t\t<div class=\"elementor-element elementor-element-79e366f elementor-widget elementor-widget-shortcode\" data-id=\"79e366f\" data-element_type=\"widget\" data-e-type=\"widget\" data-widget_type=\"shortcode.default\">\n\t\t\t\t<div class=\"elementor-widget-container\">\n\t\t\t\t\t\t\t<div class=\"elementor-shortcode\">\n<div class=\"wpcf7 no-js\" id=\"wpcf7-f1411-o1\" lang=\"en-US\" dir=\"ltr\" data-wpcf7-id=\"1411\">\n<div class=\"screen-reader-response\"><p role=\"status\" aria-live=\"polite\" aria-atomic=\"true\"><\/p> <ul><\/ul><\/div>\n<form action=\"\/fr\/wp-json\/wp\/v2\/pages\/637#wpcf7-f1411-o1\" method=\"post\" class=\"wpcf7-form init\" aria-label=\"Contact form\" novalidate=\"novalidate\" data-status=\"init\" data-trp-original-action=\"\/fr\/wp-json\/wp\/v2\/pages\/637#wpcf7-f1411-o1\">\n<fieldset class=\"hidden-fields-container\"><input type=\"hidden\" name=\"_wpcf7\" value=\"1411\" \/><input type=\"hidden\" name=\"_wpcf7_version\" value=\"6.1.5\" \/><input type=\"hidden\" name=\"_wpcf7_locale\" value=\"en_US\" \/><input type=\"hidden\" name=\"_wpcf7_unit_tag\" value=\"wpcf7-f1411-o1\" \/><input type=\"hidden\" name=\"_wpcf7_container_post\" value=\"0\" \/><input type=\"hidden\" name=\"_wpcf7_posted_data_hash\" value=\"\" \/><input type=\"hidden\" name=\"_wpcf7_recaptcha_response\" value=\"\" \/>\n<\/fieldset>\n<div class=\"Contact\">\n\t<p><label><br \/>\n<span class=\"wpcf7-form-control-wrap\" data-name=\"your-name\"><input size=\"40\" maxlength=\"400\" class=\"wpcf7-form-control wpcf7-text wpcf7-validates-as-required\" aria-required=\"true\" aria-invalid=\"false\" placeholder=\"Pr\u00e9nom*\" value=\"\" type=\"text\" name=\"your-name\" \/><\/span><\/label>\n\t<\/p>\n\t<p><label><br \/>\n<span class=\"wpcf7-form-control-wrap\" data-name=\"your-email\"><input size=\"40\" maxlength=\"400\" class=\"wpcf7-form-control wpcf7-email wpcf7-validates-as-required wpcf7-text wpcf7-validates-as-email\" aria-required=\"true\" aria-invalid=\"false\" placeholder=\"E-mail*\" value=\"\" type=\"email\" name=\"your-email\" \/><\/span><\/label>\n\t<\/p>\n\t<p><label><br \/>\n<span class=\"wpcf7-form-control-wrap\" data-name=\"number-925\"><input class=\"wpcf7-form-control wpcf7-number wpcf7-validates-as-required wpcf7-validates-as-number\" aria-required=\"true\" aria-invalid=\"false\" placeholder=\"WhatsApp\" value=\"\" type=\"number\" name=\"number-925\" \/><\/span><\/label>\n\t<\/p>\n\t<div class=\"col-t\">\n\t\t<p><span class=\"wpcf7-form-control-wrap\" data-name=\"your-message\"><input size=\"40\" maxlength=\"400\" class=\"wpcf7-form-control wpcf7-text\" aria-invalid=\"false\" placeholder=\"Message\" value=\"\" type=\"text\" name=\"your-message\" \/><\/span>\n\t\t<\/p>\n\t<\/div>\n\t<div class=\"col\" style=\"margin-bottom:10px;\">\n\t\t<p><div id=\"cf7sr-69e91d4343667\" class=\"cf7sr-g-recaptcha\" data-theme=\"light\" data-type=\"image\" data-size=\"normal\" data-sitekey=\"6LeKLaApAAAAANv2Aw7YyVAyHxcKKKbsRQA6vj_U\"><\/div><span class=\"wpcf7-form-control-wrap cf7sr-recaptcha\" data-name=\"cf7sr-recaptcha\"><input type=\"hidden\" name=\"cf7sr-recaptcha\" value=\"\" class=\"wpcf7-form-control\"><\/span>\n\t\t<\/p>\n\t<\/div>\n\t<p class=\"p-t\">Ce site est prot\u00e9g\u00e9 par reCAPTCHA. Google's <a href=\"https:\/\/policies.google.com\/privacy\"  target=\"_blank\" style=\"text-decoration:underline; color:#000;\" >Politique de confidentialit\u00e9<\/a> et <a href=\"https:\/\/policies.google.com\/terms\"  target=\"_blank\" style=\"text-decoration:underline; color:#000;\" >Conditions d'utilisation<\/a> s'appliquer.\n\t<\/p>\n\t<div class=\"col\">\n\t\t<p><input class=\"wpcf7-form-control wpcf7-submit has-spinner\" type=\"submit\" value=\"Soumettre\" \/>\n\t\t<\/p>\n\t<\/div>\n<\/div><div class=\"wpcf7-response-output\" aria-hidden=\"true\"><\/div>\n<input type=\"hidden\" name=\"trp-form-language\" value=\"fr\"\/><\/form>\n<\/div>\n<\/div>\n\t\t\t\t\t\t<\/div>\n\t\t\t\t<\/div>\n\t\t\t\t\t<\/div>\n\t\t<\/div>\n\t\t\t\t\t<\/div>\n\t\t<\/section>\n\t\t\t\t<\/div>","protected":false},"excerpt":{"rendered":"<p>Contact us! Have a question about one of our travel packages or just want to say hi? Connect with Us for an Unforgettable Ladies-Only Tour Adventure \u2013 Your Gateway to Empowered Travel!<\/p>","protected":false},"author":1,"featured_media":0,"parent":0,"menu_order":0,"comment_status":"closed","ping_status":"closed","template":"","meta":{"footnotes":""},"class_list":["post-637","page","type-page","status-publish","hentry"],"yoast_head":"<!-- This site is optimized with the Yoast SEO plugin v27.4 - https:\/\/yoast.com\/product\/yoast-seo-wordpress\/ -->\n<title>Contact Us | Dubai Musts<\/title>\n<meta name=\"description\" content=\"Explore the world with Dubai Musts. Join our Dubai-based ladies-only tours for safe, empowering, and unforgettable travel experiences.\" \/>\n<meta name=\"robots\" content=\"index, follow, max-snippet:-1, max-image-preview:large, max-video-preview:-1\" \/>\n<link rel=\"canonical\" href=\"https:\/\/dubaimusts.me\/fr\/contact-us\/\" \/>\n<meta property=\"og:locale\" content=\"fr_FR\" \/>\n<meta property=\"og:type\" content=\"article\" \/>\n<meta property=\"og:title\" content=\"Contact Us | Dubai Musts\" \/>\n<meta property=\"og:description\" content=\"Explore the world with Dubai Musts. Join our Dubai-based ladies-only tours for safe, empowering, and unforgettable travel experiences.\" \/>\n<meta property=\"og:url\" content=\"https:\/\/dubaimusts.me\/fr\/contact-us\/\" \/>\n<meta property=\"og:site_name\" content=\"Dubai Musts\" \/>\n<meta property=\"article:publisher\" content=\"https:\/\/www.facebook.com\/dubaimusts\" \/>\n<meta property=\"article:modified_time\" content=\"2025-08-04T13:02:10+00:00\" \/>\n<meta name=\"twitter:card\" content=\"summary_large_image\" \/>\n<meta name=\"twitter:label1\" content=\"Dur\u00e9e de lecture estim\u00e9e\" \/>\n\t<meta name=\"twitter:data1\" content=\"1 minute\" \/>\n<script type=\"application\/ld+json\" class=\"yoast-schema-graph\">{\"@context\":\"https:\\\/\\\/schema.org\",\"@graph\":[{\"@type\":\"WebPage\",\"@id\":\"https:\\\/\\\/dubaimusts.me\\\/contact-us\\\/\",\"url\":\"https:\\\/\\\/dubaimusts.me\\\/contact-us\\\/\",\"name\":\"Contact Us | Dubai Musts\",\"isPartOf\":{\"@id\":\"https:\\\/\\\/dubaimusts.me\\\/#website\"},\"datePublished\":\"2023-06-28T06:48:00+00:00\",\"dateModified\":\"2025-08-04T13:02:10+00:00\",\"description\":\"Explore the world with Dubai Musts. Join our Dubai-based ladies-only tours for safe, empowering, and unforgettable travel experiences.\",\"breadcrumb\":{\"@id\":\"https:\\\/\\\/dubaimusts.me\\\/contact-us\\\/#breadcrumb\"},\"inLanguage\":\"fr-FR\",\"potentialAction\":[{\"@type\":\"ReadAction\",\"target\":[\"https:\\\/\\\/dubaimusts.me\\\/contact-us\\\/\"]}]},{\"@type\":\"BreadcrumbList\",\"@id\":\"https:\\\/\\\/dubaimusts.me\\\/contact-us\\\/#breadcrumb\",\"itemListElement\":[{\"@type\":\"ListItem\",\"position\":1,\"name\":\"Home\",\"item\":\"https:\\\/\\\/dubaimusts.me\\\/\"},{\"@type\":\"ListItem\",\"position\":2,\"name\":\"Contact Us\"}]},{\"@type\":\"WebSite\",\"@id\":\"https:\\\/\\\/dubaimusts.me\\\/#website\",\"url\":\"https:\\\/\\\/dubaimusts.me\\\/\",\"name\":\"Dubai Musts\",\"description\":\"Travel agency for like-minded women\",\"publisher\":{\"@id\":\"https:\\\/\\\/dubaimusts.me\\\/#organization\"},\"potentialAction\":[{\"@type\":\"SearchAction\",\"target\":{\"@type\":\"EntryPoint\",\"urlTemplate\":\"https:\\\/\\\/dubaimusts.me\\\/?s={search_term_string}\"},\"query-input\":{\"@type\":\"PropertyValueSpecification\",\"valueRequired\":true,\"valueName\":\"search_term_string\"}}],\"inLanguage\":\"fr-FR\"},{\"@type\":\"Organization\",\"@id\":\"https:\\\/\\\/dubaimusts.me\\\/#organization\",\"name\":\"Dubai Musts\",\"url\":\"https:\\\/\\\/dubaimusts.me\\\/\",\"logo\":{\"@type\":\"ImageObject\",\"inLanguage\":\"fr-FR\",\"@id\":\"https:\\\/\\\/dubaimusts.me\\\/#\\\/schema\\\/logo\\\/image\\\/\",\"url\":\"https:\\\/\\\/dubaimusts.me\\\/wp-content\\\/uploads\\\/2023\\\/06\\\/cropped-logo-1920w.webp\",\"contentUrl\":\"https:\\\/\\\/dubaimusts.me\\\/wp-content\\\/uploads\\\/2023\\\/06\\\/cropped-logo-1920w.webp\",\"width\":512,\"height\":512,\"caption\":\"Dubai Musts\"},\"image\":{\"@id\":\"https:\\\/\\\/dubaimusts.me\\\/#\\\/schema\\\/logo\\\/image\\\/\"},\"sameAs\":[\"https:\\\/\\\/www.facebook.com\\\/dubaimusts\",\"https:\\\/\\\/www.instagram.com\\\/dubaimusts\\\/\",\"https:\\\/\\\/web.whatsapp.com\\\/send?phone\"]}]}<\/script>\n<!-- \/ Yoast SEO plugin. -->","yoast_head_json":{"title":"Contactez-nous | Les incontournables de Duba\u00ef","description":"Explorez le monde avec Dubai Musts. Participez \u00e0 nos circuits r\u00e9serv\u00e9s aux femmes \u00e0 Duba\u00ef pour des exp\u00e9riences de voyage s\u00fbres, enrichissantes et inoubliables.","robots":{"index":"index","follow":"follow","max-snippet":"max-snippet:-1","max-image-preview":"max-image-preview:large","max-video-preview":"max-video-preview:-1"},"canonical":"https:\/\/dubaimusts.me\/fr\/contact-us\/","og_locale":"fr_FR","og_type":"article","og_title":"Contact Us | Dubai Musts","og_description":"Explore the world with Dubai Musts. Join our Dubai-based ladies-only tours for safe, empowering, and unforgettable travel experiences.","og_url":"https:\/\/dubaimusts.me\/fr\/contact-us\/","og_site_name":"Dubai Musts","article_publisher":"https:\/\/www.facebook.com\/dubaimusts","article_modified_time":"2025-08-04T13:02:10+00:00","twitter_card":"summary_large_image","twitter_misc":{"Dur\u00e9e de lecture estim\u00e9e":"1 minute"},"schema":{"@context":"https:\/\/schema.org","@graph":[{"@type":"WebPage","@id":"https:\/\/dubaimusts.me\/contact-us\/","url":"https:\/\/dubaimusts.me\/contact-us\/","name":"Contactez-nous | Les incontournables de Duba\u00ef","isPartOf":{"@id":"https:\/\/dubaimusts.me\/#website"},"datePublished":"2023-06-28T06:48:00+00:00","dateModified":"2025-08-04T13:02:10+00:00","description":"Explorez le monde avec Dubai Musts. Participez \u00e0 nos circuits r\u00e9serv\u00e9s aux femmes \u00e0 Duba\u00ef pour des exp\u00e9riences de voyage s\u00fbres, enrichissantes et inoubliables.","breadcrumb":{"@id":"https:\/\/dubaimusts.me\/contact-us\/#breadcrumb"},"inLanguage":"fr-FR","potentialAction":[{"@type":"ReadAction","target":["https:\/\/dubaimusts.me\/contact-us\/"]}]},{"@type":"BreadcrumbList","@id":"https:\/\/dubaimusts.me\/contact-us\/#breadcrumb","itemListElement":[{"@type":"ListItem","position":1,"name":"Home","item":"https:\/\/dubaimusts.me\/"},{"@type":"ListItem","position":2,"name":"Contact Us"}]},{"@type":"WebSite","@id":"https:\/\/dubaimusts.me\/#website","url":"https:\/\/dubaimusts.me\/","name":"Dubai Musts","description":"Agence de voyage pour femmes inspirantes","publisher":{"@id":"https:\/\/dubaimusts.me\/#organization"},"potentialAction":[{"@type":"SearchAction","target":{"@type":"EntryPoint","urlTemplate":"https:\/\/dubaimusts.me\/?s={search_term_string}"},"query-input":{"@type":"PropertyValueSpecification","valueRequired":true,"valueName":"search_term_string"}}],"inLanguage":"fr-FR"},{"@type":"Organization","@id":"https:\/\/dubaimusts.me\/#organization","name":"Dubai Musts","url":"https:\/\/dubaimusts.me\/","logo":{"@type":"ImageObject","inLanguage":"fr-FR","@id":"https:\/\/dubaimusts.me\/#\/schema\/logo\/image\/","url":"https:\/\/dubaimusts.me\/wp-content\/uploads\/2023\/06\/cropped-logo-1920w.webp","contentUrl":"https:\/\/dubaimusts.me\/wp-content\/uploads\/2023\/06\/cropped-logo-1920w.webp","width":512,"height":512,"caption":"Dubai Musts"},"image":{"@id":"https:\/\/dubaimusts.me\/#\/schema\/logo\/image\/"},"sameAs":["https:\/\/www.facebook.com\/dubaimusts","https:\/\/www.instagram.com\/dubaimusts\/","https:\/\/web.whatsapp.com\/send?phone"]}]}},"_links":{"self":[{"href":"https:\/\/dubaimusts.me\/fr\/wp-json\/wp\/v2\/pages\/637","targetHints":{"allow":["GET"]}}],"collection":[{"href":"https:\/\/dubaimusts.me\/fr\/wp-json\/wp\/v2\/pages"}],"about":[{"href":"https:\/\/dubaimusts.me\/fr\/wp-json\/wp\/v2\/types\/page"}],"author":[{"embeddable":true,"href":"https:\/\/dubaimusts.me\/fr\/wp-json\/wp\/v2\/users\/1"}],"replies":[{"embeddable":true,"href":"https:\/\/dubaimusts.me\/fr\/wp-json\/wp\/v2\/comments?post=637"}],"version-history":[{"count":3,"href":"https:\/\/dubaimusts.me\/fr\/wp-json\/wp\/v2\/pages\/637\/revisions"}],"predecessor-version":[{"id":6740,"href":"https:\/\/dubaimusts.me\/fr\/wp-json\/wp\/v2\/pages\/637\/revisions\/6740"}],"wp:attachment":[{"href":"https:\/\/dubaimusts.me\/fr\/wp-json\/wp\/v2\/media?parent=637"}],"curies":[{"name":"wp","href":"https:\/\/api.w.org\/{rel}","templated":true}]}}