{"id":14689,"date":"2026-03-19T16:45:06","date_gmt":"2026-03-19T12:45:06","guid":{"rendered":"https:\/\/dubaimusts.me\/?post_type=product&#038;p=14689"},"modified":"2026-03-20T00:33:01","modified_gmt":"2026-03-19T20:33:01","slug":"dubai-ladies-eid-breakfast-20-03","status":"publish","type":"product","link":"https:\/\/dubaimusts.me\/fr\/product\/dubai-ladies-eid-breakfast-20-03\/","title":{"rendered":"Dubai Ladies Eid Breakfast 20\/03"},"content":{"rendered":"<p data-start=\"71\" data-end=\"86\"><strong data-start=\"71\" data-end=\"86\">Hey ladies!<\/strong><\/p>\n<p data-start=\"88\" data-end=\"280\">Alone for Eid? We got you covered! Come join our <strong data-start=\"137\" data-end=\"172\">breakfast at Chocolate Molecule<\/strong> in Dubai <strong>tomorrow<\/strong> (20\/03), in Jumeirah.<br data-start=\"233\" data-end=\"236\" \/>\ud83d\udccd <strong data-start=\"239\" data-end=\"252\">Location:<\/strong> [<a href=\"https:\/\/maps.app.goo.gl\/nZefYPUgT8wfBuG48\" target=\"_blank\" rel=\"noopener\">Here<\/a>]<br data-start=\"259\" data-end=\"262\" \/>\ud83d\udcd6 <strong data-start=\"265\" data-end=\"274\">Menu:<\/strong> \ud83e\udd50\u2615\ud83c\udf75<\/p>\n<p data-start=\"282\" data-end=\"474\">You\u2019ll be responsible for your own food expenses.<br data-start=\"331\" data-end=\"334\" \/><strong data-start=\"334\" data-end=\"361\">Limited spots available<\/strong> \u2014 please register only if you\u2019re sure you can come.<\/p>\n<p data-start=\"476\" data-end=\"590\">Let\u2019s make new friends and unforgettable memories! \ud83d\udcab<br data-start=\"529\" data-end=\"532\" \/><strong data-start=\"532\" data-end=\"590\">Dress up in your most beautiful traditional outfit! \ud83d\udc57<\/strong><\/p>\n","protected":false},"excerpt":{"rendered":"<p>Hey ladies! Alone for Eid? We got you covered! Come join our breakfast at Chocolate Molecule in Dubai tomorrow (20\/03), in Jumeirah.\ud83d\udccd Location: [Here]\ud83d\udcd6 Menu: \ud83e\udd50\u2615\ud83c\udf75 You\u2019ll be responsible for your own food expenses.Limited spots available \u2014 please register only if you\u2019re sure you can come. Let\u2019s make new friends and unforgettable memories! \ud83d\udcabDress up in your most beautiful traditional outfit! \ud83d\udc57<\/p>\n","protected":false},"featured_media":8991,"template":"","meta":[],"product_brand":[],"product_cat":[20],"product_tag":[],"class_list":{"0":"post-14689","1":"product","2":"type-product","3":"status-publish","4":"has-post-thumbnail","6":"product_cat-events","8":"first","9":"instock","10":"shipping-taxable","11":"purchasable","12":"product-type-simple"},"yoast_head":"<!-- This site is optimized with the Yoast SEO plugin v27.4 - https:\/\/yoast.com\/product\/yoast-seo-wordpress\/ -->\n<title>Dubai Ladies Eid Breakfast 20\/03 - Dubai Musts<\/title>\n<meta name=\"description\" content=\"Join our ladies meetup in Dubai to make new friends and create unforgettable memories!\" \/>\n<meta name=\"robots\" content=\"index, follow, max-snippet:-1, max-image-preview:large, max-video-preview:-1\" \/>\n<link rel=\"canonical\" href=\"https:\/\/dubaimusts.me\/fr\/produit\/dubai-ladies-eid-breakfast-20-03\/\" \/>\n<meta property=\"og:locale\" content=\"fr_FR\" \/>\n<meta property=\"og:type\" content=\"article\" \/>\n<meta property=\"og:title\" content=\"Dubai Ladies Eid Breakfast 20\/03 - Dubai Musts\" \/>\n<meta property=\"og:description\" content=\"Join our ladies meetup in Dubai to make new friends and create unforgettable memories!\" \/>\n<meta property=\"og:url\" content=\"https:\/\/dubaimusts.me\/fr\/produit\/dubai-ladies-eid-breakfast-20-03\/\" \/>\n<meta property=\"og:site_name\" content=\"Dubai Musts\" \/>\n<meta property=\"article:publisher\" content=\"https:\/\/www.facebook.com\/dubaimusts\" \/>\n<meta property=\"article:modified_time\" content=\"2026-03-19T20:33:01+00:00\" \/>\n<meta property=\"og:image\" content=\"https:\/\/dubaimusts.me\/wp-content\/uploads\/2024\/06\/Dubai-Ladies-scaled.jpg?wsr\" \/>\n\t<meta property=\"og:image:width\" content=\"1920\" \/>\n\t<meta property=\"og:image:height\" content=\"2560\" \/>\n\t<meta property=\"og:image:type\" content=\"image\/jpeg\" \/>\n<meta name=\"twitter:card\" content=\"summary_large_image\" \/>\n<meta name=\"twitter:label1\" content=\"Dur\u00e9e de lecture estim\u00e9e\" \/>\n\t<meta name=\"twitter:data1\" content=\"1 minute\" \/>\n<script type=\"application\/ld+json\" class=\"yoast-schema-graph\">{\"@context\":\"https:\\\/\\\/schema.org\",\"@graph\":[{\"@type\":\"WebPage\",\"@id\":\"https:\\\/\\\/dubaimusts.me\\\/product\\\/dubai-ladies-eid-breakfast-20-03\\\/\",\"url\":\"https:\\\/\\\/dubaimusts.me\\\/product\\\/dubai-ladies-eid-breakfast-20-03\\\/\",\"name\":\"Dubai Ladies Eid Breakfast 20\\\/03 - Dubai Musts\",\"isPartOf\":{\"@id\":\"https:\\\/\\\/dubaimusts.me\\\/#website\"},\"primaryImageOfPage\":{\"@id\":\"https:\\\/\\\/dubaimusts.me\\\/product\\\/dubai-ladies-eid-breakfast-20-03\\\/#primaryimage\"},\"image\":{\"@id\":\"https:\\\/\\\/dubaimusts.me\\\/product\\\/dubai-ladies-eid-breakfast-20-03\\\/#primaryimage\"},\"thumbnailUrl\":\"https:\\\/\\\/dubaimusts.me\\\/wp-content\\\/uploads\\\/2024\\\/06\\\/Dubai-Ladies-scaled.jpg?wsr\",\"datePublished\":\"2026-03-19T12:45:06+00:00\",\"dateModified\":\"2026-03-19T20:33:01+00:00\",\"description\":\"Join our ladies meetup in Dubai to make new friends and create unforgettable memories!\",\"breadcrumb\":{\"@id\":\"https:\\\/\\\/dubaimusts.me\\\/product\\\/dubai-ladies-eid-breakfast-20-03\\\/#breadcrumb\"},\"inLanguage\":\"fr-FR\",\"potentialAction\":[{\"@type\":\"ReadAction\",\"target\":[\"https:\\\/\\\/dubaimusts.me\\\/product\\\/dubai-ladies-eid-breakfast-20-03\\\/\"]}]},{\"@type\":\"ImageObject\",\"inLanguage\":\"fr-FR\",\"@id\":\"https:\\\/\\\/dubaimusts.me\\\/product\\\/dubai-ladies-eid-breakfast-20-03\\\/#primaryimage\",\"url\":\"https:\\\/\\\/dubaimusts.me\\\/wp-content\\\/uploads\\\/2024\\\/06\\\/Dubai-Ladies-scaled.jpg?wsr\",\"contentUrl\":\"https:\\\/\\\/dubaimusts.me\\\/wp-content\\\/uploads\\\/2024\\\/06\\\/Dubai-Ladies-scaled.jpg?wsr\",\"width\":1920,\"height\":2560},{\"@type\":\"BreadcrumbList\",\"@id\":\"https:\\\/\\\/dubaimusts.me\\\/product\\\/dubai-ladies-eid-breakfast-20-03\\\/#breadcrumb\",\"itemListElement\":[{\"@type\":\"ListItem\",\"position\":1,\"name\":\"Home\",\"item\":\"https:\\\/\\\/dubaimusts.me\\\/\"},{\"@type\":\"ListItem\",\"position\":2,\"name\":\"Shop\",\"item\":\"https:\\\/\\\/dubaimusts.me\\\/shop\\\/\"},{\"@type\":\"ListItem\",\"position\":3,\"name\":\"Dubai Ladies Eid Breakfast 20\\\/03\"}]},{\"@type\":\"WebSite\",\"@id\":\"https:\\\/\\\/dubaimusts.me\\\/#website\",\"url\":\"https:\\\/\\\/dubaimusts.me\\\/\",\"name\":\"Dubai Musts\",\"description\":\"Travel agency for like-minded women\",\"publisher\":{\"@id\":\"https:\\\/\\\/dubaimusts.me\\\/#organization\"},\"potentialAction\":[{\"@type\":\"SearchAction\",\"target\":{\"@type\":\"EntryPoint\",\"urlTemplate\":\"https:\\\/\\\/dubaimusts.me\\\/?s={search_term_string}\"},\"query-input\":{\"@type\":\"PropertyValueSpecification\",\"valueRequired\":true,\"valueName\":\"search_term_string\"}}],\"inLanguage\":\"fr-FR\"},{\"@type\":\"Organization\",\"@id\":\"https:\\\/\\\/dubaimusts.me\\\/#organization\",\"name\":\"Dubai Musts\",\"url\":\"https:\\\/\\\/dubaimusts.me\\\/\",\"logo\":{\"@type\":\"ImageObject\",\"inLanguage\":\"fr-FR\",\"@id\":\"https:\\\/\\\/dubaimusts.me\\\/#\\\/schema\\\/logo\\\/image\\\/\",\"url\":\"https:\\\/\\\/dubaimusts.me\\\/wp-content\\\/uploads\\\/2023\\\/06\\\/cropped-logo-1920w.webp\",\"contentUrl\":\"https:\\\/\\\/dubaimusts.me\\\/wp-content\\\/uploads\\\/2023\\\/06\\\/cropped-logo-1920w.webp\",\"width\":512,\"height\":512,\"caption\":\"Dubai Musts\"},\"image\":{\"@id\":\"https:\\\/\\\/dubaimusts.me\\\/#\\\/schema\\\/logo\\\/image\\\/\"},\"sameAs\":[\"https:\\\/\\\/www.facebook.com\\\/dubaimusts\",\"https:\\\/\\\/www.instagram.com\\\/dubaimusts\\\/\",\"https:\\\/\\\/web.whatsapp.com\\\/send?phone\"]}]}<\/script>\n<!-- \/ Yoast SEO plugin. -->","yoast_head_json":{"title":"Dubai Ladies Eid Breakfast 20\/03 - Dubai Musts","description":"Rejoignez notre rencontre entre femmes \u00e0 Duba\u00ef pour vous faire de nouvelles amies et cr\u00e9er des souvenirs inoubliables !","robots":{"index":"index","follow":"follow","max-snippet":"max-snippet:-1","max-image-preview":"max-image-preview:large","max-video-preview":"max-video-preview:-1"},"canonical":"https:\/\/dubaimusts.me\/fr\/produit\/dubai-ladies-eid-breakfast-20-03\/","og_locale":"fr_FR","og_type":"article","og_title":"Dubai Ladies Eid Breakfast 20\/03 - Dubai Musts","og_description":"Join our ladies meetup in Dubai to make new friends and create unforgettable memories!","og_url":"https:\/\/dubaimusts.me\/fr\/produit\/dubai-ladies-eid-breakfast-20-03\/","og_site_name":"Dubai Musts","article_publisher":"https:\/\/www.facebook.com\/dubaimusts","article_modified_time":"2026-03-19T20:33:01+00:00","og_image":[{"width":1920,"height":2560,"url":"https:\/\/dubaimusts.me\/wp-content\/uploads\/2024\/06\/Dubai-Ladies-scaled.jpg?wsr","type":"image\/jpeg"}],"twitter_card":"summary_large_image","twitter_misc":{"Dur\u00e9e de lecture estim\u00e9e":"1 minute"},"schema":{"@context":"https:\/\/schema.org","@graph":[{"@type":"WebPage","@id":"https:\/\/dubaimusts.me\/product\/dubai-ladies-eid-breakfast-20-03\/","url":"https:\/\/dubaimusts.me\/product\/dubai-ladies-eid-breakfast-20-03\/","name":"Dubai Ladies Eid Breakfast 20\/03 - Dubai Musts","isPartOf":{"@id":"https:\/\/dubaimusts.me\/#website"},"primaryImageOfPage":{"@id":"https:\/\/dubaimusts.me\/product\/dubai-ladies-eid-breakfast-20-03\/#primaryimage"},"image":{"@id":"https:\/\/dubaimusts.me\/product\/dubai-ladies-eid-breakfast-20-03\/#primaryimage"},"thumbnailUrl":"https:\/\/dubaimusts.me\/wp-content\/uploads\/2024\/06\/Dubai-Ladies-scaled.jpg?wsr","datePublished":"2026-03-19T12:45:06+00:00","dateModified":"2026-03-19T20:33:01+00:00","description":"Rejoignez notre rencontre entre femmes \u00e0 Duba\u00ef pour vous faire de nouvelles amies et cr\u00e9er des souvenirs inoubliables !","breadcrumb":{"@id":"https:\/\/dubaimusts.me\/product\/dubai-ladies-eid-breakfast-20-03\/#breadcrumb"},"inLanguage":"fr-FR","potentialAction":[{"@type":"ReadAction","target":["https:\/\/dubaimusts.me\/product\/dubai-ladies-eid-breakfast-20-03\/"]}]},{"@type":"ImageObject","inLanguage":"fr-FR","@id":"https:\/\/dubaimusts.me\/product\/dubai-ladies-eid-breakfast-20-03\/#primaryimage","url":"https:\/\/dubaimusts.me\/wp-content\/uploads\/2024\/06\/Dubai-Ladies-scaled.jpg?wsr","contentUrl":"https:\/\/dubaimusts.me\/wp-content\/uploads\/2024\/06\/Dubai-Ladies-scaled.jpg?wsr","width":1920,"height":2560},{"@type":"BreadcrumbList","@id":"https:\/\/dubaimusts.me\/product\/dubai-ladies-eid-breakfast-20-03\/#breadcrumb","itemListElement":[{"@type":"ListItem","position":1,"name":"Home","item":"https:\/\/dubaimusts.me\/"},{"@type":"ListItem","position":2,"name":"Shop","item":"https:\/\/dubaimusts.me\/shop\/"},{"@type":"ListItem","position":3,"name":"Dubai Ladies Eid Breakfast 20\/03"}]},{"@type":"WebSite","@id":"https:\/\/dubaimusts.me\/#website","url":"https:\/\/dubaimusts.me\/","name":"Dubai Musts","description":"Agence de voyage pour femmes inspirantes","publisher":{"@id":"https:\/\/dubaimusts.me\/#organization"},"potentialAction":[{"@type":"SearchAction","target":{"@type":"EntryPoint","urlTemplate":"https:\/\/dubaimusts.me\/?s={search_term_string}"},"query-input":{"@type":"PropertyValueSpecification","valueRequired":true,"valueName":"search_term_string"}}],"inLanguage":"fr-FR"},{"@type":"Organization","@id":"https:\/\/dubaimusts.me\/#organization","name":"Dubai Musts","url":"https:\/\/dubaimusts.me\/","logo":{"@type":"ImageObject","inLanguage":"fr-FR","@id":"https:\/\/dubaimusts.me\/#\/schema\/logo\/image\/","url":"https:\/\/dubaimusts.me\/wp-content\/uploads\/2023\/06\/cropped-logo-1920w.webp","contentUrl":"https:\/\/dubaimusts.me\/wp-content\/uploads\/2023\/06\/cropped-logo-1920w.webp","width":512,"height":512,"caption":"Dubai Musts"},"image":{"@id":"https:\/\/dubaimusts.me\/#\/schema\/logo\/image\/"},"sameAs":["https:\/\/www.facebook.com\/dubaimusts","https:\/\/www.instagram.com\/dubaimusts\/","https:\/\/web.whatsapp.com\/send?phone"]}]}},"_links":{"self":[{"href":"https:\/\/dubaimusts.me\/fr\/wp-json\/wp\/v2\/product\/14689","targetHints":{"allow":["GET"]}}],"collection":[{"href":"https:\/\/dubaimusts.me\/fr\/wp-json\/wp\/v2\/product"}],"about":[{"href":"https:\/\/dubaimusts.me\/fr\/wp-json\/wp\/v2\/types\/product"}],"wp:featuredmedia":[{"embeddable":true,"href":"https:\/\/dubaimusts.me\/fr\/wp-json\/wp\/v2\/media\/8991"}],"wp:attachment":[{"href":"https:\/\/dubaimusts.me\/fr\/wp-json\/wp\/v2\/media?parent=14689"}],"wp:term":[{"taxonomy":"product_brand","embeddable":true,"href":"https:\/\/dubaimusts.me\/fr\/wp-json\/wp\/v2\/product_brand?post=14689"},{"taxonomy":"product_cat","embeddable":true,"href":"https:\/\/dubaimusts.me\/fr\/wp-json\/wp\/v2\/product_cat?post=14689"},{"taxonomy":"product_tag","embeddable":true,"href":"https:\/\/dubaimusts.me\/fr\/wp-json\/wp\/v2\/product_tag?post=14689"}],"curies":[{"name":"wp","href":"https:\/\/api.w.org\/{rel}","templated":true}]}}