{"id":14717,"date":"2026-04-01T01:37:32","date_gmt":"2026-03-31T21:37:32","guid":{"rendered":"https:\/\/dubaimusts.me\/?post_type=product&#038;p=14717"},"modified":"2026-04-03T11:43:44","modified_gmt":"2026-04-03T07:43:44","slug":"dubai-coffee-meetup-03-04","status":"publish","type":"product","link":"https:\/\/dubaimusts.me\/fr\/product\/dubai-coffee-meetup-03-04\/","title":{"rendered":"Dubai coffee meetup 03\/04"},"content":{"rendered":"<p data-start=\"64\" data-end=\"101\"><strong data-start=\"64\" data-end=\"101\">We\u2019re back for a coffee meetup! \u2615 <\/strong>Join us for a meetup in Dubai on <strong data-start=\"136\" data-end=\"161\">Friday, April 3rd<\/strong> in <strong data-start=\"165\" data-end=\"178\">Al Barsha<\/strong> (near <strong data-start=\"185\" data-end=\"209\">Mall of the Emirates<\/strong> \u2013 exact location will be shared after registration).<\/p>\n<p data-start=\"36\" data-end=\"108\"><strong data-start=\"36\" data-end=\"108\">Time: 6:30 PM \u2013 9:30 PM<\/strong>, so everyone who is praying can join after. <strong data-start=\"343\" data-end=\"361\">Food &amp; Drinks:<\/strong> You\u2019re free to order from the menu at your own expense \ud83c\udf79\ud83c\udf74<\/p>\n<p data-start=\"423\" data-end=\"538\"><strong data-start=\"423\" data-end=\"445\">Spots are limited!<\/strong><br data-start=\"445\" data-end=\"448\" \/><strong data-start=\"206\" data-end=\"256\" data-is-last-node=\"\">Price: 22 AED (small fee to support the organization)<\/strong><\/p>\n<p data-start=\"423\" data-end=\"538\">Sign up now and don\u2019t miss an evening of great conversations, new friends, and good vibes.<\/p>\n<div class=\"flex flex-col text-sm pb-25\">\n<section class=\"text-token-text-primary w-full focus:outline-none [--shadow-height:45px] has-data-writing-block:pointer-events-none has-data-writing-block:-mt-(--shadow-height) has-data-writing-block:pt-(--shadow-height) [&amp;:has([data-writing-block])&gt;*]:pointer-events-auto scroll-mt-[calc(var(--header-height)+min(200px,max(70px,20svh)))]\" dir=\"auto\" data-turn-id=\"request-69c3fa7a-69a0-838e-9e03-4f7bd9177949-52\" data-testid=\"conversation-turn-154\" data-scroll-anchor=\"true\" data-turn=\"assistant\">\n<div class=\"text-base my-auto mx-auto pb-10 [--thread-content-margin:var(--thread-content-margin-xs,calc(var(--spacing)*4))] @w-sm\/main:[--thread-content-margin:var(--thread-content-margin-sm,calc(var(--spacing)*6))] @w-lg\/main:[--thread-content-margin:var(--thread-content-margin-lg,calc(var(--spacing)*16))] px-(--thread-content-margin)\">\n<div class=\"[--thread-content-max-width:40rem] @w-lg\/main:[--thread-content-max-width:48rem] mx-auto max-w-(--thread-content-max-width) flex-1 group\/turn-messages focus-visible:outline-hidden relative flex w-full min-w-0 flex-col agent-turn\">\n<div class=\"z-0 flex min-h-[46px] justify-start\"><\/div>\n<div class=\"mt-3 w-full empty:hidden\">\n<div class=\"text-center\"><\/div>\n<\/div>\n<\/div>\n<\/div>\n<\/section>\n<\/div>\n<div class=\"pointer-events-none h-px w-px absolute bottom-0\" aria-hidden=\"true\" data-edge=\"true\"><\/div>\n","protected":false},"excerpt":{"rendered":"<p>We\u2019re back for a coffee meetup! \u2615 Join us for a meetup in Dubai on Friday, April 3rd in Al Barsha (near Mall of the Emirates \u2013 exact location will be shared after registration). Time: 6:30 PM \u2013 9:30 PM, so everyone who is praying can join after. Food &amp; Drinks: You\u2019re free to order from the menu at your own expense \ud83c\udf79\ud83c\udf74 Spots are limited!Price: 22 AED (small fee to support the organization) Sign up now and don\u2019t miss an evening of great conversations, new friends, and good vibes.<\/p>","protected":false},"featured_media":8991,"template":"","meta":[],"product_brand":[],"product_cat":[20],"product_tag":[],"class_list":{"0":"post-14717","1":"product","2":"type-product","3":"status-publish","4":"has-post-thumbnail","6":"product_cat-events","8":"first","9":"instock","10":"shipping-taxable","11":"purchasable","12":"product-type-simple"},"yoast_head":"<!-- This site is optimized with the Yoast SEO plugin v27.4 - https:\/\/yoast.com\/product\/yoast-seo-wordpress\/ -->\n<title>Dubai coffee meetup 03\/04 - Dubai Musts<\/title>\n<meta name=\"description\" content=\"Join our ladies meetup in Dubai to make new friends and create unforgettable memories!\" \/>\n<meta name=\"robots\" content=\"index, follow, max-snippet:-1, max-image-preview:large, max-video-preview:-1\" \/>\n<link rel=\"canonical\" href=\"https:\/\/dubaimusts.me\/fr\/produit\/dubai-coffee-meetup-03-04\/\" \/>\n<meta property=\"og:locale\" content=\"fr_FR\" \/>\n<meta property=\"og:type\" content=\"article\" \/>\n<meta property=\"og:title\" content=\"Dubai coffee meetup 03\/04 - Dubai Musts\" \/>\n<meta property=\"og:description\" content=\"Join our ladies meetup in Dubai to make new friends and create unforgettable memories!\" \/>\n<meta property=\"og:url\" content=\"https:\/\/dubaimusts.me\/fr\/produit\/dubai-coffee-meetup-03-04\/\" \/>\n<meta property=\"og:site_name\" content=\"Dubai Musts\" \/>\n<meta property=\"article:publisher\" content=\"https:\/\/www.facebook.com\/dubaimusts\" \/>\n<meta property=\"article:modified_time\" content=\"2026-04-03T07:43:44+00:00\" \/>\n<meta property=\"og:image\" content=\"https:\/\/dubaimusts.me\/wp-content\/uploads\/2024\/06\/Dubai-Ladies-scaled.jpg?wsr\" \/>\n\t<meta property=\"og:image:width\" content=\"1920\" \/>\n\t<meta property=\"og:image:height\" content=\"2560\" \/>\n\t<meta property=\"og:image:type\" content=\"image\/jpeg\" \/>\n<meta name=\"twitter:card\" content=\"summary_large_image\" \/>\n<meta name=\"twitter:label1\" content=\"Dur\u00e9e de lecture estim\u00e9e\" \/>\n\t<meta name=\"twitter:data1\" content=\"1 minute\" \/>\n<script type=\"application\/ld+json\" class=\"yoast-schema-graph\">{\"@context\":\"https:\\\/\\\/schema.org\",\"@graph\":[{\"@type\":\"WebPage\",\"@id\":\"https:\\\/\\\/dubaimusts.me\\\/product\\\/dubai-coffee-meetup-03-04\\\/\",\"url\":\"https:\\\/\\\/dubaimusts.me\\\/product\\\/dubai-coffee-meetup-03-04\\\/\",\"name\":\"Dubai coffee meetup 03\\\/04 - Dubai Musts\",\"isPartOf\":{\"@id\":\"https:\\\/\\\/dubaimusts.me\\\/#website\"},\"primaryImageOfPage\":{\"@id\":\"https:\\\/\\\/dubaimusts.me\\\/product\\\/dubai-coffee-meetup-03-04\\\/#primaryimage\"},\"image\":{\"@id\":\"https:\\\/\\\/dubaimusts.me\\\/product\\\/dubai-coffee-meetup-03-04\\\/#primaryimage\"},\"thumbnailUrl\":\"https:\\\/\\\/dubaimusts.me\\\/wp-content\\\/uploads\\\/2024\\\/06\\\/Dubai-Ladies-scaled.jpg?wsr\",\"datePublished\":\"2026-03-31T21:37:32+00:00\",\"dateModified\":\"2026-04-03T07:43:44+00:00\",\"description\":\"Join our ladies meetup in Dubai to make new friends and create unforgettable memories!\",\"breadcrumb\":{\"@id\":\"https:\\\/\\\/dubaimusts.me\\\/product\\\/dubai-coffee-meetup-03-04\\\/#breadcrumb\"},\"inLanguage\":\"fr-FR\",\"potentialAction\":[{\"@type\":\"ReadAction\",\"target\":[\"https:\\\/\\\/dubaimusts.me\\\/product\\\/dubai-coffee-meetup-03-04\\\/\"]}]},{\"@type\":\"ImageObject\",\"inLanguage\":\"fr-FR\",\"@id\":\"https:\\\/\\\/dubaimusts.me\\\/product\\\/dubai-coffee-meetup-03-04\\\/#primaryimage\",\"url\":\"https:\\\/\\\/dubaimusts.me\\\/wp-content\\\/uploads\\\/2024\\\/06\\\/Dubai-Ladies-scaled.jpg?wsr\",\"contentUrl\":\"https:\\\/\\\/dubaimusts.me\\\/wp-content\\\/uploads\\\/2024\\\/06\\\/Dubai-Ladies-scaled.jpg?wsr\",\"width\":1920,\"height\":2560},{\"@type\":\"BreadcrumbList\",\"@id\":\"https:\\\/\\\/dubaimusts.me\\\/product\\\/dubai-coffee-meetup-03-04\\\/#breadcrumb\",\"itemListElement\":[{\"@type\":\"ListItem\",\"position\":1,\"name\":\"Home\",\"item\":\"https:\\\/\\\/dubaimusts.me\\\/\"},{\"@type\":\"ListItem\",\"position\":2,\"name\":\"Shop\",\"item\":\"https:\\\/\\\/dubaimusts.me\\\/shop\\\/\"},{\"@type\":\"ListItem\",\"position\":3,\"name\":\"Dubai coffee meetup 03\\\/04\"}]},{\"@type\":\"WebSite\",\"@id\":\"https:\\\/\\\/dubaimusts.me\\\/#website\",\"url\":\"https:\\\/\\\/dubaimusts.me\\\/\",\"name\":\"Dubai Musts\",\"description\":\"Travel agency for like-minded women\",\"publisher\":{\"@id\":\"https:\\\/\\\/dubaimusts.me\\\/#organization\"},\"potentialAction\":[{\"@type\":\"SearchAction\",\"target\":{\"@type\":\"EntryPoint\",\"urlTemplate\":\"https:\\\/\\\/dubaimusts.me\\\/?s={search_term_string}\"},\"query-input\":{\"@type\":\"PropertyValueSpecification\",\"valueRequired\":true,\"valueName\":\"search_term_string\"}}],\"inLanguage\":\"fr-FR\"},{\"@type\":\"Organization\",\"@id\":\"https:\\\/\\\/dubaimusts.me\\\/#organization\",\"name\":\"Dubai Musts\",\"url\":\"https:\\\/\\\/dubaimusts.me\\\/\",\"logo\":{\"@type\":\"ImageObject\",\"inLanguage\":\"fr-FR\",\"@id\":\"https:\\\/\\\/dubaimusts.me\\\/#\\\/schema\\\/logo\\\/image\\\/\",\"url\":\"https:\\\/\\\/dubaimusts.me\\\/wp-content\\\/uploads\\\/2023\\\/06\\\/cropped-logo-1920w.webp\",\"contentUrl\":\"https:\\\/\\\/dubaimusts.me\\\/wp-content\\\/uploads\\\/2023\\\/06\\\/cropped-logo-1920w.webp\",\"width\":512,\"height\":512,\"caption\":\"Dubai Musts\"},\"image\":{\"@id\":\"https:\\\/\\\/dubaimusts.me\\\/#\\\/schema\\\/logo\\\/image\\\/\"},\"sameAs\":[\"https:\\\/\\\/www.facebook.com\\\/dubaimusts\",\"https:\\\/\\\/www.instagram.com\\\/dubaimusts\\\/\",\"https:\\\/\\\/web.whatsapp.com\\\/send?phone\"]}]}<\/script>\n<!-- \/ Yoast SEO plugin. -->","yoast_head_json":{"title":"Dubai coffee meetup 03\/04 - Dubai Musts","description":"Rejoignez notre rencontre entre femmes \u00e0 Duba\u00ef pour vous faire de nouvelles amies et cr\u00e9er des souvenirs inoubliables !","robots":{"index":"index","follow":"follow","max-snippet":"max-snippet:-1","max-image-preview":"max-image-preview:large","max-video-preview":"max-video-preview:-1"},"canonical":"https:\/\/dubaimusts.me\/fr\/produit\/dubai-coffee-meetup-03-04\/","og_locale":"fr_FR","og_type":"article","og_title":"Dubai coffee meetup 03\/04 - Dubai Musts","og_description":"Join our ladies meetup in Dubai to make new friends and create unforgettable memories!","og_url":"https:\/\/dubaimusts.me\/fr\/produit\/dubai-coffee-meetup-03-04\/","og_site_name":"Dubai Musts","article_publisher":"https:\/\/www.facebook.com\/dubaimusts","article_modified_time":"2026-04-03T07:43:44+00:00","og_image":[{"width":1920,"height":2560,"url":"https:\/\/dubaimusts.me\/wp-content\/uploads\/2024\/06\/Dubai-Ladies-scaled.jpg?wsr","type":"image\/jpeg"}],"twitter_card":"summary_large_image","twitter_misc":{"Dur\u00e9e de lecture estim\u00e9e":"1 minute"},"schema":{"@context":"https:\/\/schema.org","@graph":[{"@type":"WebPage","@id":"https:\/\/dubaimusts.me\/product\/dubai-coffee-meetup-03-04\/","url":"https:\/\/dubaimusts.me\/product\/dubai-coffee-meetup-03-04\/","name":"Dubai coffee meetup 03\/04 - Dubai Musts","isPartOf":{"@id":"https:\/\/dubaimusts.me\/#website"},"primaryImageOfPage":{"@id":"https:\/\/dubaimusts.me\/product\/dubai-coffee-meetup-03-04\/#primaryimage"},"image":{"@id":"https:\/\/dubaimusts.me\/product\/dubai-coffee-meetup-03-04\/#primaryimage"},"thumbnailUrl":"https:\/\/dubaimusts.me\/wp-content\/uploads\/2024\/06\/Dubai-Ladies-scaled.jpg?wsr","datePublished":"2026-03-31T21:37:32+00:00","dateModified":"2026-04-03T07:43:44+00:00","description":"Rejoignez notre rencontre entre femmes \u00e0 Duba\u00ef pour vous faire de nouvelles amies et cr\u00e9er des souvenirs inoubliables !","breadcrumb":{"@id":"https:\/\/dubaimusts.me\/product\/dubai-coffee-meetup-03-04\/#breadcrumb"},"inLanguage":"fr-FR","potentialAction":[{"@type":"ReadAction","target":["https:\/\/dubaimusts.me\/product\/dubai-coffee-meetup-03-04\/"]}]},{"@type":"ImageObject","inLanguage":"fr-FR","@id":"https:\/\/dubaimusts.me\/product\/dubai-coffee-meetup-03-04\/#primaryimage","url":"https:\/\/dubaimusts.me\/wp-content\/uploads\/2024\/06\/Dubai-Ladies-scaled.jpg?wsr","contentUrl":"https:\/\/dubaimusts.me\/wp-content\/uploads\/2024\/06\/Dubai-Ladies-scaled.jpg?wsr","width":1920,"height":2560},{"@type":"BreadcrumbList","@id":"https:\/\/dubaimusts.me\/product\/dubai-coffee-meetup-03-04\/#breadcrumb","itemListElement":[{"@type":"ListItem","position":1,"name":"Home","item":"https:\/\/dubaimusts.me\/"},{"@type":"ListItem","position":2,"name":"Shop","item":"https:\/\/dubaimusts.me\/shop\/"},{"@type":"ListItem","position":3,"name":"Dubai coffee meetup 03\/04"}]},{"@type":"WebSite","@id":"https:\/\/dubaimusts.me\/#website","url":"https:\/\/dubaimusts.me\/","name":"Dubai Musts","description":"Agence de voyage pour femmes inspirantes","publisher":{"@id":"https:\/\/dubaimusts.me\/#organization"},"potentialAction":[{"@type":"SearchAction","target":{"@type":"EntryPoint","urlTemplate":"https:\/\/dubaimusts.me\/?s={search_term_string}"},"query-input":{"@type":"PropertyValueSpecification","valueRequired":true,"valueName":"search_term_string"}}],"inLanguage":"fr-FR"},{"@type":"Organization","@id":"https:\/\/dubaimusts.me\/#organization","name":"Dubai Musts","url":"https:\/\/dubaimusts.me\/","logo":{"@type":"ImageObject","inLanguage":"fr-FR","@id":"https:\/\/dubaimusts.me\/#\/schema\/logo\/image\/","url":"https:\/\/dubaimusts.me\/wp-content\/uploads\/2023\/06\/cropped-logo-1920w.webp","contentUrl":"https:\/\/dubaimusts.me\/wp-content\/uploads\/2023\/06\/cropped-logo-1920w.webp","width":512,"height":512,"caption":"Dubai Musts"},"image":{"@id":"https:\/\/dubaimusts.me\/#\/schema\/logo\/image\/"},"sameAs":["https:\/\/www.facebook.com\/dubaimusts","https:\/\/www.instagram.com\/dubaimusts\/","https:\/\/web.whatsapp.com\/send?phone"]}]}},"_links":{"self":[{"href":"https:\/\/dubaimusts.me\/fr\/wp-json\/wp\/v2\/product\/14717","targetHints":{"allow":["GET"]}}],"collection":[{"href":"https:\/\/dubaimusts.me\/fr\/wp-json\/wp\/v2\/product"}],"about":[{"href":"https:\/\/dubaimusts.me\/fr\/wp-json\/wp\/v2\/types\/product"}],"wp:featuredmedia":[{"embeddable":true,"href":"https:\/\/dubaimusts.me\/fr\/wp-json\/wp\/v2\/media\/8991"}],"wp:attachment":[{"href":"https:\/\/dubaimusts.me\/fr\/wp-json\/wp\/v2\/media?parent=14717"}],"wp:term":[{"taxonomy":"product_brand","embeddable":true,"href":"https:\/\/dubaimusts.me\/fr\/wp-json\/wp\/v2\/product_brand?post=14717"},{"taxonomy":"product_cat","embeddable":true,"href":"https:\/\/dubaimusts.me\/fr\/wp-json\/wp\/v2\/product_cat?post=14717"},{"taxonomy":"product_tag","embeddable":true,"href":"https:\/\/dubaimusts.me\/fr\/wp-json\/wp\/v2\/product_tag?post=14717"}],"curies":[{"name":"wp","href":"https:\/\/api.w.org\/{rel}","templated":true}]}}