{"id":4115,"date":"2023-08-15T00:30:44","date_gmt":"2023-08-14T20:30:44","guid":{"rendered":"https:\/\/dubaimusts.me\/?post_type=product&#038;p=4115"},"modified":"2025-08-09T15:48:47","modified_gmt":"2025-08-09T11:48:47","slug":"uzbekistan-guide-insights-tips-by-our-clients","status":"publish","type":"product","link":"https:\/\/dubaimusts.me\/fr\/product\/uzbekistan-guide-insights-tips-by-our-clients\/","title":{"rendered":"Uzbekistan Guide : Insights &#038; Tips by Our Clients"},"content":{"rendered":"<p>D\u00e9couvrez l'Ouzb\u00e9kistan \u00e0 travers l'objectif de notre communaut\u00e9 de voyageurs DubaiMusts. Ce guide de voyage co-\u00e9crit est le r\u00e9sultat du voyage de nos clients en Ouzb\u00e9kistan. Apr\u00e8s ce voyage enrichissant, ils ont collabor\u00e9 \u00e0 la r\u00e9daction de ce guide, partageant des conseils pratiques, des joyaux cach\u00e9s et des informations locales qui rendront votre aventure vraiment exceptionnelle.<\/p>","protected":false},"excerpt":{"rendered":"<p>D\u00e9couvrez l'Ouzb\u00e9kistan \u00e0 travers l'objectif de notre communaut\u00e9 de voyageurs DubaiMusts. Ce guide de voyage co-\u00e9crit est le r\u00e9sultat du voyage de nos clients en Ouzb\u00e9kistan. Apr\u00e8s ce voyage enrichissant, ils ont collabor\u00e9 \u00e0 la r\u00e9daction de ce guide, partageant des conseils pratiques, des joyaux cach\u00e9s et des informations locales qui rendront votre aventure vraiment exceptionnelle.<\/p>","protected":false},"featured_media":158,"template":"","meta":[],"product_brand":[],"product_cat":[35],"product_tag":[],"class_list":{"0":"post-4115","1":"product","2":"type-product","3":"status-publish","4":"has-post-thumbnail","6":"product_cat-ebook","8":"first","9":"instock","10":"downloadable","11":"shipping-taxable","12":"purchasable","13":"product-type-simple"},"yoast_head":"<!-- This site is optimized with the Yoast SEO plugin v27.4 - https:\/\/yoast.com\/product\/yoast-seo-wordpress\/ -->\n<title>Uzbekistan Guide: Client Insights &amp; Travel Tips<\/title>\n<meta name=\"description\" content=\"Discover Uzbekistan through authentic client insights and expert travel tips. Your ultimate guide for exploring this beautiful destination.\" \/>\n<meta name=\"robots\" content=\"index, follow, max-snippet:-1, max-image-preview:large, max-video-preview:-1\" \/>\n<link rel=\"canonical\" href=\"https:\/\/dubaimusts.me\/fr\/produit\/uzbekistan-guide-insights-tips-by-our-clients\/\" \/>\n<meta property=\"og:locale\" content=\"fr_FR\" \/>\n<meta property=\"og:type\" content=\"article\" \/>\n<meta property=\"og:title\" content=\"Uzbekistan Guide: Client Insights &amp; Travel Tips\" \/>\n<meta property=\"og:description\" content=\"Discover Uzbekistan through authentic client insights and expert travel tips. Your ultimate guide for exploring this beautiful destination.\" \/>\n<meta property=\"og:url\" content=\"https:\/\/dubaimusts.me\/fr\/produit\/uzbekistan-guide-insights-tips-by-our-clients\/\" \/>\n<meta property=\"og:site_name\" content=\"Dubai Musts\" \/>\n<meta property=\"article:publisher\" content=\"https:\/\/www.facebook.com\/dubaimusts\" \/>\n<meta property=\"article:modified_time\" content=\"2025-08-09T11:48:47+00:00\" \/>\n<meta property=\"og:image\" content=\"https:\/\/dubaimusts.me\/wp-content\/uploads\/2023\/06\/IMG_0838-resized-1280w.webp\" \/>\n\t<meta property=\"og:image:width\" content=\"1280\" \/>\n\t<meta property=\"og:image:height\" content=\"1006\" \/>\n\t<meta property=\"og:image:type\" content=\"image\/webp\" \/>\n<meta name=\"twitter:card\" content=\"summary_large_image\" \/>\n<meta name=\"twitter:label1\" content=\"Dur\u00e9e de lecture estim\u00e9e\" \/>\n\t<meta name=\"twitter:data1\" content=\"1 minute\" \/>\n<script type=\"application\/ld+json\" class=\"yoast-schema-graph\">{\"@context\":\"https:\\\/\\\/schema.org\",\"@graph\":[{\"@type\":\"WebPage\",\"@id\":\"https:\\\/\\\/dubaimusts.me\\\/product\\\/uzbekistan-guide-insights-tips-by-our-clients\\\/\",\"url\":\"https:\\\/\\\/dubaimusts.me\\\/product\\\/uzbekistan-guide-insights-tips-by-our-clients\\\/\",\"name\":\"Uzbekistan Guide: Client Insights & Travel Tips\",\"isPartOf\":{\"@id\":\"https:\\\/\\\/dubaimusts.me\\\/#website\"},\"primaryImageOfPage\":{\"@id\":\"https:\\\/\\\/dubaimusts.me\\\/product\\\/uzbekistan-guide-insights-tips-by-our-clients\\\/#primaryimage\"},\"image\":{\"@id\":\"https:\\\/\\\/dubaimusts.me\\\/product\\\/uzbekistan-guide-insights-tips-by-our-clients\\\/#primaryimage\"},\"thumbnailUrl\":\"https:\\\/\\\/dubaimusts.me\\\/wp-content\\\/uploads\\\/2023\\\/06\\\/IMG_0838-resized-1280w.webp?wsr\",\"datePublished\":\"2023-08-14T20:30:44+00:00\",\"dateModified\":\"2025-08-09T11:48:47+00:00\",\"description\":\"Discover Uzbekistan through authentic client insights and expert travel tips. Your ultimate guide for exploring this beautiful destination.\",\"breadcrumb\":{\"@id\":\"https:\\\/\\\/dubaimusts.me\\\/product\\\/uzbekistan-guide-insights-tips-by-our-clients\\\/#breadcrumb\"},\"inLanguage\":\"fr-FR\",\"potentialAction\":[{\"@type\":\"ReadAction\",\"target\":[\"https:\\\/\\\/dubaimusts.me\\\/product\\\/uzbekistan-guide-insights-tips-by-our-clients\\\/\"]}]},{\"@type\":\"ImageObject\",\"inLanguage\":\"fr-FR\",\"@id\":\"https:\\\/\\\/dubaimusts.me\\\/product\\\/uzbekistan-guide-insights-tips-by-our-clients\\\/#primaryimage\",\"url\":\"https:\\\/\\\/dubaimusts.me\\\/wp-content\\\/uploads\\\/2023\\\/06\\\/IMG_0838-resized-1280w.webp?wsr\",\"contentUrl\":\"https:\\\/\\\/dubaimusts.me\\\/wp-content\\\/uploads\\\/2023\\\/06\\\/IMG_0838-resized-1280w.webp?wsr\",\"width\":1280,\"height\":1006,\"caption\":\"Uzbekistan - Silk Road tour\"},{\"@type\":\"BreadcrumbList\",\"@id\":\"https:\\\/\\\/dubaimusts.me\\\/product\\\/uzbekistan-guide-insights-tips-by-our-clients\\\/#breadcrumb\",\"itemListElement\":[{\"@type\":\"ListItem\",\"position\":1,\"name\":\"Home\",\"item\":\"https:\\\/\\\/dubaimusts.me\\\/\"},{\"@type\":\"ListItem\",\"position\":2,\"name\":\"Shop\",\"item\":\"https:\\\/\\\/dubaimusts.me\\\/shop\\\/\"},{\"@type\":\"ListItem\",\"position\":3,\"name\":\"Uzbekistan Guide : Insights &#038; Tips by Our Clients\"}]},{\"@type\":\"WebSite\",\"@id\":\"https:\\\/\\\/dubaimusts.me\\\/#website\",\"url\":\"https:\\\/\\\/dubaimusts.me\\\/\",\"name\":\"Dubai Musts\",\"description\":\"Travel agency for like-minded women\",\"publisher\":{\"@id\":\"https:\\\/\\\/dubaimusts.me\\\/#organization\"},\"potentialAction\":[{\"@type\":\"SearchAction\",\"target\":{\"@type\":\"EntryPoint\",\"urlTemplate\":\"https:\\\/\\\/dubaimusts.me\\\/?s={search_term_string}\"},\"query-input\":{\"@type\":\"PropertyValueSpecification\",\"valueRequired\":true,\"valueName\":\"search_term_string\"}}],\"inLanguage\":\"fr-FR\"},{\"@type\":\"Organization\",\"@id\":\"https:\\\/\\\/dubaimusts.me\\\/#organization\",\"name\":\"Dubai Musts\",\"url\":\"https:\\\/\\\/dubaimusts.me\\\/\",\"logo\":{\"@type\":\"ImageObject\",\"inLanguage\":\"fr-FR\",\"@id\":\"https:\\\/\\\/dubaimusts.me\\\/#\\\/schema\\\/logo\\\/image\\\/\",\"url\":\"https:\\\/\\\/dubaimusts.me\\\/wp-content\\\/uploads\\\/2023\\\/06\\\/cropped-logo-1920w.webp\",\"contentUrl\":\"https:\\\/\\\/dubaimusts.me\\\/wp-content\\\/uploads\\\/2023\\\/06\\\/cropped-logo-1920w.webp\",\"width\":512,\"height\":512,\"caption\":\"Dubai Musts\"},\"image\":{\"@id\":\"https:\\\/\\\/dubaimusts.me\\\/#\\\/schema\\\/logo\\\/image\\\/\"},\"sameAs\":[\"https:\\\/\\\/www.facebook.com\\\/dubaimusts\",\"https:\\\/\\\/www.instagram.com\\\/dubaimusts\\\/\",\"https:\\\/\\\/web.whatsapp.com\\\/send?phone\"]}]}<\/script>\n<!-- \/ Yoast SEO plugin. -->","yoast_head_json":{"title":"Guide de l'Ouzb\u00e9kistan : avis clients et conseils de voyage","description":"D\u00e9couvrez l'Ouzb\u00e9kistan gr\u00e2ce \u00e0 des t\u00e9moignages authentiques de clients et des conseils de voyage d'experts. Votre guide ultime pour explorer cette magnifique destination.","robots":{"index":"index","follow":"follow","max-snippet":"max-snippet:-1","max-image-preview":"max-image-preview:large","max-video-preview":"max-video-preview:-1"},"canonical":"https:\/\/dubaimusts.me\/fr\/produit\/uzbekistan-guide-insights-tips-by-our-clients\/","og_locale":"fr_FR","og_type":"article","og_title":"Uzbekistan Guide: Client Insights & Travel Tips","og_description":"Discover Uzbekistan through authentic client insights and expert travel tips. Your ultimate guide for exploring this beautiful destination.","og_url":"https:\/\/dubaimusts.me\/fr\/produit\/uzbekistan-guide-insights-tips-by-our-clients\/","og_site_name":"Dubai Musts","article_publisher":"https:\/\/www.facebook.com\/dubaimusts","article_modified_time":"2025-08-09T11:48:47+00:00","og_image":[{"width":1280,"height":1006,"url":"https:\/\/dubaimusts.me\/wp-content\/uploads\/2023\/06\/IMG_0838-resized-1280w.webp","type":"image\/webp"}],"twitter_card":"summary_large_image","twitter_misc":{"Dur\u00e9e de lecture estim\u00e9e":"1 minute"},"schema":{"@context":"https:\/\/schema.org","@graph":[{"@type":"WebPage","@id":"https:\/\/dubaimusts.me\/product\/uzbekistan-guide-insights-tips-by-our-clients\/","url":"https:\/\/dubaimusts.me\/product\/uzbekistan-guide-insights-tips-by-our-clients\/","name":"Guide de l'Ouzb\u00e9kistan : avis clients et conseils de voyage","isPartOf":{"@id":"https:\/\/dubaimusts.me\/#website"},"primaryImageOfPage":{"@id":"https:\/\/dubaimusts.me\/product\/uzbekistan-guide-insights-tips-by-our-clients\/#primaryimage"},"image":{"@id":"https:\/\/dubaimusts.me\/product\/uzbekistan-guide-insights-tips-by-our-clients\/#primaryimage"},"thumbnailUrl":"https:\/\/dubaimusts.me\/wp-content\/uploads\/2023\/06\/IMG_0838-resized-1280w.webp?wsr","datePublished":"2023-08-14T20:30:44+00:00","dateModified":"2025-08-09T11:48:47+00:00","description":"D\u00e9couvrez l'Ouzb\u00e9kistan gr\u00e2ce \u00e0 des t\u00e9moignages authentiques de clients et des conseils de voyage d'experts. Votre guide ultime pour explorer cette magnifique destination.","breadcrumb":{"@id":"https:\/\/dubaimusts.me\/product\/uzbekistan-guide-insights-tips-by-our-clients\/#breadcrumb"},"inLanguage":"fr-FR","potentialAction":[{"@type":"ReadAction","target":["https:\/\/dubaimusts.me\/product\/uzbekistan-guide-insights-tips-by-our-clients\/"]}]},{"@type":"ImageObject","inLanguage":"fr-FR","@id":"https:\/\/dubaimusts.me\/product\/uzbekistan-guide-insights-tips-by-our-clients\/#primaryimage","url":"https:\/\/dubaimusts.me\/wp-content\/uploads\/2023\/06\/IMG_0838-resized-1280w.webp?wsr","contentUrl":"https:\/\/dubaimusts.me\/wp-content\/uploads\/2023\/06\/IMG_0838-resized-1280w.webp?wsr","width":1280,"height":1006,"caption":"Uzbekistan - Silk Road tour"},{"@type":"BreadcrumbList","@id":"https:\/\/dubaimusts.me\/product\/uzbekistan-guide-insights-tips-by-our-clients\/#breadcrumb","itemListElement":[{"@type":"ListItem","position":1,"name":"Home","item":"https:\/\/dubaimusts.me\/"},{"@type":"ListItem","position":2,"name":"Shop","item":"https:\/\/dubaimusts.me\/shop\/"},{"@type":"ListItem","position":3,"name":"Uzbekistan Guide : Insights &#038; Tips by Our Clients"}]},{"@type":"WebSite","@id":"https:\/\/dubaimusts.me\/#website","url":"https:\/\/dubaimusts.me\/","name":"Dubai Musts","description":"Agence de voyage pour femmes inspirantes","publisher":{"@id":"https:\/\/dubaimusts.me\/#organization"},"potentialAction":[{"@type":"SearchAction","target":{"@type":"EntryPoint","urlTemplate":"https:\/\/dubaimusts.me\/?s={search_term_string}"},"query-input":{"@type":"PropertyValueSpecification","valueRequired":true,"valueName":"search_term_string"}}],"inLanguage":"fr-FR"},{"@type":"Organization","@id":"https:\/\/dubaimusts.me\/#organization","name":"Dubai Musts","url":"https:\/\/dubaimusts.me\/","logo":{"@type":"ImageObject","inLanguage":"fr-FR","@id":"https:\/\/dubaimusts.me\/#\/schema\/logo\/image\/","url":"https:\/\/dubaimusts.me\/wp-content\/uploads\/2023\/06\/cropped-logo-1920w.webp","contentUrl":"https:\/\/dubaimusts.me\/wp-content\/uploads\/2023\/06\/cropped-logo-1920w.webp","width":512,"height":512,"caption":"Dubai Musts"},"image":{"@id":"https:\/\/dubaimusts.me\/#\/schema\/logo\/image\/"},"sameAs":["https:\/\/www.facebook.com\/dubaimusts","https:\/\/www.instagram.com\/dubaimusts\/","https:\/\/web.whatsapp.com\/send?phone"]}]}},"_links":{"self":[{"href":"https:\/\/dubaimusts.me\/fr\/wp-json\/wp\/v2\/product\/4115","targetHints":{"allow":["GET"]}}],"collection":[{"href":"https:\/\/dubaimusts.me\/fr\/wp-json\/wp\/v2\/product"}],"about":[{"href":"https:\/\/dubaimusts.me\/fr\/wp-json\/wp\/v2\/types\/product"}],"wp:featuredmedia":[{"embeddable":true,"href":"https:\/\/dubaimusts.me\/fr\/wp-json\/wp\/v2\/media\/158"}],"wp:attachment":[{"href":"https:\/\/dubaimusts.me\/fr\/wp-json\/wp\/v2\/media?parent=4115"}],"wp:term":[{"taxonomy":"product_brand","embeddable":true,"href":"https:\/\/dubaimusts.me\/fr\/wp-json\/wp\/v2\/product_brand?post=4115"},{"taxonomy":"product_cat","embeddable":true,"href":"https:\/\/dubaimusts.me\/fr\/wp-json\/wp\/v2\/product_cat?post=4115"},{"taxonomy":"product_tag","embeddable":true,"href":"https:\/\/dubaimusts.me\/fr\/wp-json\/wp\/v2\/product_tag?post=4115"}],"curies":[{"name":"wp","href":"https:\/\/api.w.org\/{rel}","templated":true}]}}