{"id":4120,"date":"2023-08-18T16:40:39","date_gmt":"2023-08-18T12:40:39","guid":{"rendered":"https:\/\/dubaimusts.me\/?post_type=product&#038;p=4120"},"modified":"2025-08-09T15:52:30","modified_gmt":"2025-08-09T11:52:30","slug":"empowerment-through-coaching-discover-your-true-potential-with-personalized-guidance","status":"publish","type":"product","link":"https:\/\/dubaimusts.me\/fr\/product\/empowerment-through-coaching-discover-your-true-potential-with-personalized-guidance\/","title":{"rendered":"L'autonomisation par le coaching : d\u00e9couvrez votre v\u00e9ritable potentiel gr\u00e2ce \u00e0 un accompagnement personnalis\u00e9"},"content":{"rendered":"<h3><strong>\ud83c\udf1f Empowerment Through Coaching<\/strong><\/h3>\n<p><strong>Discover Your True Potential with Personalized Guidance<\/strong><\/p>\n<p>Our journey begins with you. Through our previous empowerment workshops, we&#8217;ve closely listened to your needs and desires. The resounding message we received is clear: <strong>you&#8217;re seeking personalized growth and transformation<\/strong>. As a result, we&#8217;re thrilled to introduce our exclusive individual coaching sessions, tailored just for you, to elevate your journey even further.<\/p>\n<p><strong>Why Choose Our Coaching?<\/strong><\/p>\n<p>\ud83c\udf3c Feeling stuck and unsatisfied in your current situation?<\/p>\n<p>\ud83c\udf3c Overflowing with great ideas but struggling to take action?<\/p>\n<p>\ud83c\udf3c Experiencing periods of low motivation, leaving you feeling lost in both your personal and professional life?<\/p>\n<p>\ud83c\udf3c Holding onto the belief that you&#8217;re meant for more, but unsure where to start?<\/p>\n<p><strong>You&#8217;re in the right place for positive change. Join our transformative journey, where dedicated support leads to proven success. Tailored for women, our coaching guides your personal and professional growth.<\/strong><\/p>\n<p>Coaching isn&#8217;t about shame\u2014it&#8217;s about getting the guidance you need to set achievable goals, boost confidence, overcome challenges, and craft a life you love.<\/p>\n<p>Getting started might be tough, feeling lost is normal. Remember, you&#8217;re not alone.<\/p>\n<p>Introducing your coach, <strong>the visionary behind Dubai Musts. With a profound background as a business psychologist, life coach, and former head of Tech, she brings a wealth of global experience to guide you<\/strong> on your transformative journey.<\/p>\n<p>So, the question remains\u2014<strong>do you REALLY want this?<\/strong> If your answer is YES , let&#8217;s come together and embark on this transformative journey. \ud83d\udcaa<\/p>\n<p><strong>\ud83d\udd25<\/strong><strong> Fuel Your Transformation : Your Coaching Path<\/strong><\/p>\n<p>\ud83d\udcab<strong>Single Session Package<\/strong> For those not ready to dive headfirst into change, begin with a focused 1:1 online coaching session. Address challenges, set goals, and outline an action plan in just 45 minutes. Lay the foundation for your transformation and explore the next suitable package.<\/p>\n<p>Special Launch Price: AED 250<br \/>\n<em>Valid for 1 session within 1 month from registration.<\/em><\/p>\n<p>\ud83d\udcab <strong>One-Month Pack \u2013 4 sessions:<\/strong> Elevate your journey with four impactful 1:1 online coaching sessions. Embrace strengths, conquer obstacles, and design strategies for turning dreams into reality. Plus, enjoy the added benefit of a weekly catch-up, keeping you on track and motivated.<\/p>\n<p>Special Launch Price: AED 800<\/p>\n<p><em>Valid for 1 month. Sessions can be rescheduled with at least 24 hours&#8217; notice.<\/em><\/p>\n<p>\ud83d\udcab <strong>Three-Month Pack &#8211; 12 Sessions:<\/strong> Ready to accelerate your transformation? Elevate your journey with 12 online coaching sessions over three months. Conquer challenges, boost confidence, and be guided to lasting success.<\/p>\n<p><strong>As a special bonus: <\/strong><\/p>\n<p><strong>We&#8217;ll connect you with 3 persons relevant to your path of growth, <\/strong>leveraging our extensive network community.<\/p>\n<p>You&#8217;ll also receive <strong>an exclusive group coaching session<\/strong>, where you&#8217;ll connect with like-minded individuals on a similar journey, share insights, and gain broader perspectives.<\/p>\n<p>Get <strong>exclusive access to the private @Nomadies Instagram account<\/strong>, where you&#8217;ll receive weekly insights and motivational content to keep you inspired and informed!<\/p>\n<p>Special Launch Price: AED 2000<br \/>\nV<em>alid for 3 months. Sessions can be rescheduled with at least 24 hours&#8217; notice.<\/em><\/p>\n<p>Choose your package and let&#8217;s embark on this transformative journey together !<\/p>\n<p>Once registered, you&#8217;ll receive a link to conveniently select your preferred time slots for the coaching sessions. \ud83d\udcaa<\/p>","protected":false},"excerpt":{"rendered":"<p>\ud83c\udf1f Empowerment Through Coaching Discover Your True Potential with Personalized Guidance Our journey begins with you. Through our previous empowerment workshops, we&#8217;ve closely listened to your needs and desires. The resounding message we received is clear: you&#8217;re seeking personalized growth and transformation. As a result, we&#8217;re thrilled to introduce our exclusive individual coaching sessions, tailored just for you, to elevate your journey even further. Why Choose Our Coaching? \ud83c\udf3c Feeling stuck and unsatisfied in your current situation? \ud83c\udf3c Overflowing with great ideas but struggling to take action? \ud83c\udf3c Experiencing periods of low motivation, leaving you feeling lost in both your personal and professional life? \ud83c\udf3c Holding onto the belief that you&#8217;re meant for more, but unsure where to start? You&#8217;re in the right place for positive change. Join our transformative journey, where dedicated support leads to proven success. Tailored for women, our coaching guides your personal and professional growth. Coaching isn&#8217;t about shame\u2014it&#8217;s about getting the guidance you need to set achievable goals, boost confidence, overcome challenges, and craft a life you love. Getting started might be tough, feeling lost is normal. Remember, you&#8217;re not alone. Introducing your coach, the visionary behind Dubai Musts. With a profound background as a business psychologist, life coach, and former head of Tech, she brings a wealth of global experience to guide you on your transformative journey. So, the question remains\u2014do you REALLY want this? If your answer is YES , let&#8217;s come together and embark on this transformative journey. \ud83d\udcaa \ud83d\udd25 Fuel Your Transformation : Your Coaching Path \ud83d\udcabSingle Session Package For those not ready to dive headfirst into change, begin with a focused 1:1 online coaching session. Address challenges, set goals, and outline an action plan in just 45 minutes. Lay the foundation for your transformation and explore the next suitable package. Special Launch Price: AED 250 Valid for 1 session within 1 month from registration. \ud83d\udcab One-Month Pack \u2013 4 sessions: Elevate your journey with four impactful 1:1 online coaching sessions. Embrace strengths, conquer obstacles, and design strategies for turning dreams into reality. Plus, enjoy the added benefit of a weekly catch-up, keeping you on track and motivated. Special Launch Price: AED 800 Valid for 1 month. Sessions can be rescheduled with at least 24 hours&#8217; notice. \ud83d\udcab Three-Month Pack &#8211; 12 Sessions: Ready to accelerate your transformation? Elevate your journey with 12 online coaching sessions over three months. Conquer challenges, boost confidence, and be guided to lasting success. As a special bonus: We&#8217;ll connect you with 3 persons relevant to your path of growth, leveraging our extensive network community. You&#8217;ll also receive an exclusive group coaching session, where you&#8217;ll connect with like-minded individuals on a similar journey, share insights, and gain broader perspectives. Get exclusive access to the private @Nomadies Instagram account, where you&#8217;ll receive weekly insights and motivational content to keep you inspired and informed! Special Launch Price: AED 2000 Valid for 3 months. Sessions can be rescheduled with at least 24 hours&#8217; notice. Choose your package and let&#8217;s embark on this transformative journey together ! Once registered, you&#8217;ll receive a link to conveniently select your preferred time slots for the coaching sessions. \ud83d\udcaa<\/p>","protected":false},"featured_media":1474,"template":"","meta":[],"product_brand":[],"product_cat":[18],"product_tag":[],"class_list":{"0":"post-4120","1":"product","2":"type-product","3":"status-publish","4":"has-post-thumbnail","6":"product_cat-products","8":"first","9":"instock","10":"shipping-taxable","11":"purchasable","12":"product-type-variable"},"yoast_head":"<!-- This site is optimized with the Yoast SEO plugin v27.4 - https:\/\/yoast.com\/product\/yoast-seo-wordpress\/ -->\n<title>Empowerment Coaching \u2013 Unlock Your Potential | Dubai Musts<\/title>\n<meta name=\"description\" content=\"Personalized empowerment coaching to unlock your potential and boost personal growth. Start your transformation journey with Dubai Musts.\" \/>\n<meta name=\"robots\" content=\"index, follow, max-snippet:-1, max-image-preview:large, max-video-preview:-1\" \/>\n<link rel=\"canonical\" href=\"https:\/\/dubaimusts.me\/fr\/produit\/empowerment-through-coaching-discover-your-true-potential-with-personalized-guidance\/\" \/>\n<meta property=\"og:locale\" content=\"fr_FR\" \/>\n<meta property=\"og:type\" content=\"article\" \/>\n<meta property=\"og:title\" content=\"Empowerment Coaching \u2013 Unlock Your Potential | Dubai Musts\" \/>\n<meta property=\"og:description\" content=\"Personalized empowerment coaching to unlock your potential and boost personal growth. Start your transformation journey with Dubai Musts.\" \/>\n<meta property=\"og:url\" content=\"https:\/\/dubaimusts.me\/fr\/produit\/empowerment-through-coaching-discover-your-true-potential-with-personalized-guidance\/\" \/>\n<meta property=\"og:site_name\" content=\"Dubai Musts\" \/>\n<meta property=\"article:publisher\" content=\"https:\/\/www.facebook.com\/dubaimusts\" \/>\n<meta property=\"article:modified_time\" content=\"2025-08-09T11:52:30+00:00\" \/>\n<meta property=\"og:image\" content=\"https:\/\/dubaimusts.me\/wp-content\/uploads\/2023\/06\/3654539270.jpg\" \/>\n\t<meta property=\"og:image:width\" content=\"1500\" \/>\n\t<meta property=\"og:image:height\" content=\"1002\" \/>\n\t<meta property=\"og:image:type\" content=\"image\/jpeg\" \/>\n<meta name=\"twitter:card\" content=\"summary_large_image\" \/>\n<meta name=\"twitter:label1\" content=\"Dur\u00e9e de lecture estim\u00e9e\" \/>\n\t<meta name=\"twitter:data1\" content=\"3 minutes\" \/>\n<script type=\"application\/ld+json\" class=\"yoast-schema-graph\">{\"@context\":\"https:\\\/\\\/schema.org\",\"@graph\":[{\"@type\":\"WebPage\",\"@id\":\"https:\\\/\\\/dubaimusts.me\\\/product\\\/empowerment-through-coaching-discover-your-true-potential-with-personalized-guidance\\\/\",\"url\":\"https:\\\/\\\/dubaimusts.me\\\/product\\\/empowerment-through-coaching-discover-your-true-potential-with-personalized-guidance\\\/\",\"name\":\"Empowerment Coaching \u2013 Unlock Your Potential | Dubai Musts\",\"isPartOf\":{\"@id\":\"https:\\\/\\\/dubaimusts.me\\\/#website\"},\"primaryImageOfPage\":{\"@id\":\"https:\\\/\\\/dubaimusts.me\\\/product\\\/empowerment-through-coaching-discover-your-true-potential-with-personalized-guidance\\\/#primaryimage\"},\"image\":{\"@id\":\"https:\\\/\\\/dubaimusts.me\\\/product\\\/empowerment-through-coaching-discover-your-true-potential-with-personalized-guidance\\\/#primaryimage\"},\"thumbnailUrl\":\"https:\\\/\\\/dubaimusts.me\\\/wp-content\\\/uploads\\\/2023\\\/06\\\/3654539270.jpg?wsr\",\"datePublished\":\"2023-08-18T12:40:39+00:00\",\"dateModified\":\"2025-08-09T11:52:30+00:00\",\"description\":\"Personalized empowerment coaching to unlock your potential and boost personal growth. Start your transformation journey with Dubai Musts.\",\"breadcrumb\":{\"@id\":\"https:\\\/\\\/dubaimusts.me\\\/product\\\/empowerment-through-coaching-discover-your-true-potential-with-personalized-guidance\\\/#breadcrumb\"},\"inLanguage\":\"fr-FR\",\"potentialAction\":[{\"@type\":\"ReadAction\",\"target\":[\"https:\\\/\\\/dubaimusts.me\\\/product\\\/empowerment-through-coaching-discover-your-true-potential-with-personalized-guidance\\\/\"]}]},{\"@type\":\"ImageObject\",\"inLanguage\":\"fr-FR\",\"@id\":\"https:\\\/\\\/dubaimusts.me\\\/product\\\/empowerment-through-coaching-discover-your-true-potential-with-personalized-guidance\\\/#primaryimage\",\"url\":\"https:\\\/\\\/dubaimusts.me\\\/wp-content\\\/uploads\\\/2023\\\/06\\\/3654539270.jpg?wsr\",\"contentUrl\":\"https:\\\/\\\/dubaimusts.me\\\/wp-content\\\/uploads\\\/2023\\\/06\\\/3654539270.jpg?wsr\",\"width\":1500,\"height\":1002,\"caption\":\"workshop\"},{\"@type\":\"BreadcrumbList\",\"@id\":\"https:\\\/\\\/dubaimusts.me\\\/product\\\/empowerment-through-coaching-discover-your-true-potential-with-personalized-guidance\\\/#breadcrumb\",\"itemListElement\":[{\"@type\":\"ListItem\",\"position\":1,\"name\":\"Home\",\"item\":\"https:\\\/\\\/dubaimusts.me\\\/\"},{\"@type\":\"ListItem\",\"position\":2,\"name\":\"Shop\",\"item\":\"https:\\\/\\\/dubaimusts.me\\\/shop\\\/\"},{\"@type\":\"ListItem\",\"position\":3,\"name\":\"Empowerment Through Coaching : Discover Your True Potential with Personalized Guidance\"}]},{\"@type\":\"WebSite\",\"@id\":\"https:\\\/\\\/dubaimusts.me\\\/#website\",\"url\":\"https:\\\/\\\/dubaimusts.me\\\/\",\"name\":\"Dubai Musts\",\"description\":\"Travel agency for like-minded women\",\"publisher\":{\"@id\":\"https:\\\/\\\/dubaimusts.me\\\/#organization\"},\"potentialAction\":[{\"@type\":\"SearchAction\",\"target\":{\"@type\":\"EntryPoint\",\"urlTemplate\":\"https:\\\/\\\/dubaimusts.me\\\/?s={search_term_string}\"},\"query-input\":{\"@type\":\"PropertyValueSpecification\",\"valueRequired\":true,\"valueName\":\"search_term_string\"}}],\"inLanguage\":\"fr-FR\"},{\"@type\":\"Organization\",\"@id\":\"https:\\\/\\\/dubaimusts.me\\\/#organization\",\"name\":\"Dubai Musts\",\"url\":\"https:\\\/\\\/dubaimusts.me\\\/\",\"logo\":{\"@type\":\"ImageObject\",\"inLanguage\":\"fr-FR\",\"@id\":\"https:\\\/\\\/dubaimusts.me\\\/#\\\/schema\\\/logo\\\/image\\\/\",\"url\":\"https:\\\/\\\/dubaimusts.me\\\/wp-content\\\/uploads\\\/2023\\\/06\\\/cropped-logo-1920w.webp\",\"contentUrl\":\"https:\\\/\\\/dubaimusts.me\\\/wp-content\\\/uploads\\\/2023\\\/06\\\/cropped-logo-1920w.webp\",\"width\":512,\"height\":512,\"caption\":\"Dubai Musts\"},\"image\":{\"@id\":\"https:\\\/\\\/dubaimusts.me\\\/#\\\/schema\\\/logo\\\/image\\\/\"},\"sameAs\":[\"https:\\\/\\\/www.facebook.com\\\/dubaimusts\",\"https:\\\/\\\/www.instagram.com\\\/dubaimusts\\\/\",\"https:\\\/\\\/web.whatsapp.com\\\/send?phone\"]}]}<\/script>\n<!-- \/ Yoast SEO plugin. -->","yoast_head_json":{"title":"Coaching d'autonomisation \u2013 Lib\u00e9rez votre potentiel | Les incontournables de Duba\u00ef","description":"Coaching personnalis\u00e9 pour lib\u00e9rer votre potentiel et stimuler votre d\u00e9veloppement personnel. Commencez votre transformation avec Dubai Musts.","robots":{"index":"index","follow":"follow","max-snippet":"max-snippet:-1","max-image-preview":"max-image-preview:large","max-video-preview":"max-video-preview:-1"},"canonical":"https:\/\/dubaimusts.me\/fr\/produit\/empowerment-through-coaching-discover-your-true-potential-with-personalized-guidance\/","og_locale":"fr_FR","og_type":"article","og_title":"Empowerment Coaching \u2013 Unlock Your Potential | Dubai Musts","og_description":"Personalized empowerment coaching to unlock your potential and boost personal growth. Start your transformation journey with Dubai Musts.","og_url":"https:\/\/dubaimusts.me\/fr\/produit\/empowerment-through-coaching-discover-your-true-potential-with-personalized-guidance\/","og_site_name":"Dubai Musts","article_publisher":"https:\/\/www.facebook.com\/dubaimusts","article_modified_time":"2025-08-09T11:52:30+00:00","og_image":[{"width":1500,"height":1002,"url":"https:\/\/dubaimusts.me\/wp-content\/uploads\/2023\/06\/3654539270.jpg","type":"image\/jpeg"}],"twitter_card":"summary_large_image","twitter_misc":{"Dur\u00e9e de lecture estim\u00e9e":"3 minutes"},"schema":{"@context":"https:\/\/schema.org","@graph":[{"@type":"WebPage","@id":"https:\/\/dubaimusts.me\/product\/empowerment-through-coaching-discover-your-true-potential-with-personalized-guidance\/","url":"https:\/\/dubaimusts.me\/product\/empowerment-through-coaching-discover-your-true-potential-with-personalized-guidance\/","name":"Coaching d'autonomisation \u2013 Lib\u00e9rez votre potentiel | Les incontournables de Duba\u00ef","isPartOf":{"@id":"https:\/\/dubaimusts.me\/#website"},"primaryImageOfPage":{"@id":"https:\/\/dubaimusts.me\/product\/empowerment-through-coaching-discover-your-true-potential-with-personalized-guidance\/#primaryimage"},"image":{"@id":"https:\/\/dubaimusts.me\/product\/empowerment-through-coaching-discover-your-true-potential-with-personalized-guidance\/#primaryimage"},"thumbnailUrl":"https:\/\/dubaimusts.me\/wp-content\/uploads\/2023\/06\/3654539270.jpg?wsr","datePublished":"2023-08-18T12:40:39+00:00","dateModified":"2025-08-09T11:52:30+00:00","description":"Coaching personnalis\u00e9 pour lib\u00e9rer votre potentiel et stimuler votre d\u00e9veloppement personnel. Commencez votre transformation avec Dubai Musts.","breadcrumb":{"@id":"https:\/\/dubaimusts.me\/product\/empowerment-through-coaching-discover-your-true-potential-with-personalized-guidance\/#breadcrumb"},"inLanguage":"fr-FR","potentialAction":[{"@type":"ReadAction","target":["https:\/\/dubaimusts.me\/product\/empowerment-through-coaching-discover-your-true-potential-with-personalized-guidance\/"]}]},{"@type":"ImageObject","inLanguage":"fr-FR","@id":"https:\/\/dubaimusts.me\/product\/empowerment-through-coaching-discover-your-true-potential-with-personalized-guidance\/#primaryimage","url":"https:\/\/dubaimusts.me\/wp-content\/uploads\/2023\/06\/3654539270.jpg?wsr","contentUrl":"https:\/\/dubaimusts.me\/wp-content\/uploads\/2023\/06\/3654539270.jpg?wsr","width":1500,"height":1002,"caption":"workshop"},{"@type":"BreadcrumbList","@id":"https:\/\/dubaimusts.me\/product\/empowerment-through-coaching-discover-your-true-potential-with-personalized-guidance\/#breadcrumb","itemListElement":[{"@type":"ListItem","position":1,"name":"Home","item":"https:\/\/dubaimusts.me\/"},{"@type":"ListItem","position":2,"name":"Shop","item":"https:\/\/dubaimusts.me\/shop\/"},{"@type":"ListItem","position":3,"name":"Empowerment Through Coaching : Discover Your True Potential with Personalized Guidance"}]},{"@type":"WebSite","@id":"https:\/\/dubaimusts.me\/#website","url":"https:\/\/dubaimusts.me\/","name":"Dubai Musts","description":"Agence de voyage pour femmes inspirantes","publisher":{"@id":"https:\/\/dubaimusts.me\/#organization"},"potentialAction":[{"@type":"SearchAction","target":{"@type":"EntryPoint","urlTemplate":"https:\/\/dubaimusts.me\/?s={search_term_string}"},"query-input":{"@type":"PropertyValueSpecification","valueRequired":true,"valueName":"search_term_string"}}],"inLanguage":"fr-FR"},{"@type":"Organization","@id":"https:\/\/dubaimusts.me\/#organization","name":"Dubai Musts","url":"https:\/\/dubaimusts.me\/","logo":{"@type":"ImageObject","inLanguage":"fr-FR","@id":"https:\/\/dubaimusts.me\/#\/schema\/logo\/image\/","url":"https:\/\/dubaimusts.me\/wp-content\/uploads\/2023\/06\/cropped-logo-1920w.webp","contentUrl":"https:\/\/dubaimusts.me\/wp-content\/uploads\/2023\/06\/cropped-logo-1920w.webp","width":512,"height":512,"caption":"Dubai Musts"},"image":{"@id":"https:\/\/dubaimusts.me\/#\/schema\/logo\/image\/"},"sameAs":["https:\/\/www.facebook.com\/dubaimusts","https:\/\/www.instagram.com\/dubaimusts\/","https:\/\/web.whatsapp.com\/send?phone"]}]}},"_links":{"self":[{"href":"https:\/\/dubaimusts.me\/fr\/wp-json\/wp\/v2\/product\/4120","targetHints":{"allow":["GET"]}}],"collection":[{"href":"https:\/\/dubaimusts.me\/fr\/wp-json\/wp\/v2\/product"}],"about":[{"href":"https:\/\/dubaimusts.me\/fr\/wp-json\/wp\/v2\/types\/product"}],"wp:featuredmedia":[{"embeddable":true,"href":"https:\/\/dubaimusts.me\/fr\/wp-json\/wp\/v2\/media\/1474"}],"wp:attachment":[{"href":"https:\/\/dubaimusts.me\/fr\/wp-json\/wp\/v2\/media?parent=4120"}],"wp:term":[{"taxonomy":"product_brand","embeddable":true,"href":"https:\/\/dubaimusts.me\/fr\/wp-json\/wp\/v2\/product_brand?post=4120"},{"taxonomy":"product_cat","embeddable":true,"href":"https:\/\/dubaimusts.me\/fr\/wp-json\/wp\/v2\/product_cat?post=4120"},{"taxonomy":"product_tag","embeddable":true,"href":"https:\/\/dubaimusts.me\/fr\/wp-json\/wp\/v2\/product_tag?post=4120"}],"curies":[{"name":"wp","href":"https:\/\/api.w.org\/{rel}","templated":true}]}}